{"id":2040,"date":"2021-09-27T02:30:49","date_gmt":"2021-09-27T08:30:49","guid":{"rendered":"https:\/\/www.now-softwarecorp.com\/?page_id=2040"},"modified":"2021-10-03T12:28:10","modified_gmt":"2021-10-03T18:28:10","slug":"recent-graduates","status":"publish","type":"page","link":"https:\/\/www.now-softwarecorp.com\/es\/recent-graduates\/","title":{"rendered":"Reci\u00e9n graduados"},"content":{"rendered":"<div data-elementor-type=\"wp-page\" data-elementor-id=\"2040\" class=\"elementor elementor-2040\" data-elementor-post-type=\"page\">\n\t\t\t\t\t\t<section class=\"elementor-section elementor-top-section elementor-element elementor-element-33550814 elementor-section-boxed elementor-section-height-default elementor-section-height-default\" data-id=\"33550814\" data-element_type=\"section\" data-e-type=\"section\" data-settings=\"{&quot;background_background&quot;:&quot;classic&quot;}\">\n\t\t\t\t\t\t<div class=\"elementor-container elementor-column-gap-no\">\n\t\t\t\t\t<div class=\"elementor-column elementor-col-100 elementor-top-column elementor-element elementor-element-4061bd76\" data-id=\"4061bd76\" data-element_type=\"column\" data-e-type=\"column\">\n\t\t\t<div class=\"elementor-widget-wrap elementor-element-populated\">\n\t\t\t\t\t\t<div class=\"elementor-element elementor-element-7303098d elementor-absolute elementor-widget__width-auto elementor-invisible elementor-widget elementor-widget-image\" data-id=\"7303098d\" data-element_type=\"widget\" data-e-type=\"widget\" data-settings=\"{&quot;_position&quot;:&quot;absolute&quot;,&quot;_animation&quot;:&quot;fadeInLeft&quot;,&quot;_animation_delay&quot;:900}\" data-widget_type=\"image.default\">\n\t\t\t\t<div class=\"elementor-widget-container\">\n\t\t\t\t\t\t\t\t\t\t\t\t\t\t\t<img fetchpriority=\"high\" decoding=\"async\" width=\"492\" height=\"492\" src=\"https:\/\/www.now-softwarecorp.com\/wp-content\/uploads\/2021\/09\/oval-s50.png\" class=\"attachment-full size-full wp-image-1681\" alt=\"\" srcset=\"https:\/\/www.now-softwarecorp.com\/wp-content\/uploads\/2021\/09\/oval-s50.png 492w, https:\/\/www.now-softwarecorp.com\/wp-content\/uploads\/2021\/09\/oval-s50-300x300.png 300w, https:\/\/www.now-softwarecorp.com\/wp-content\/uploads\/2021\/09\/oval-s50-150x150.png 150w, https:\/\/www.now-softwarecorp.com\/wp-content\/uploads\/2021\/09\/oval-s50-12x12.png 12w, https:\/\/www.now-softwarecorp.com\/wp-content\/uploads\/2021\/09\/oval-s50-100x100.png 100w\" sizes=\"(max-width: 492px) 100vw, 492px\" \/>\t\t\t\t\t\t\t\t\t\t\t\t\t\t\t<\/div>\n\t\t\t\t<\/div>\n\t\t\t\t<div class=\"elementor-element elementor-element-38f886f3 elementor-invisible elementor-widget elementor-widget-heading\" data-id=\"38f886f3\" data-element_type=\"widget\" data-e-type=\"widget\" data-settings=\"{&quot;_animation&quot;:&quot;fadeInUp&quot;,&quot;_animation_delay&quot;:100}\" data-widget_type=\"heading.default\">\n\t\t\t\t<div class=\"elementor-widget-container\">\n\t\t\t\t\t<h6 class=\"elementor-heading-title elementor-size-default\">\u00bfQu\u00e9 buscamos?<\/h6>\t\t\t\t<\/div>\n\t\t\t\t<\/div>\n\t\t\t\t<div class=\"elementor-element elementor-element-f67924a elementor-invisible elementor-widget elementor-widget-heading\" data-id=\"f67924a\" data-element_type=\"widget\" data-e-type=\"widget\" data-settings=\"{&quot;_animation&quot;:&quot;fadeInUp&quot;,&quot;_animation_delay&quot;:200}\" data-widget_type=\"heading.default\">\n\t\t\t\t<div class=\"elementor-widget-container\">\n\t\t\t\t\t<h1 class=\"elementor-heading-title elementor-size-default\">Reci\u00e9n graduados\n<\/h1>\t\t\t\t<\/div>\n\t\t\t\t<\/div>\n\t\t\t\t<section class=\"elementor-section elementor-inner-section elementor-element elementor-element-13afa98b elementor-section-full_width elementor-reverse-tablet elementor-reverse-mobile elementor-section-height-default elementor-section-height-default\" data-id=\"13afa98b\" data-element_type=\"section\" data-e-type=\"section\">\n\t\t\t\t\t\t<div class=\"elementor-container elementor-column-gap-no\">\n\t\t\t\t\t<div class=\"elementor-column elementor-col-50 elementor-inner-column elementor-element elementor-element-2e9b0e87\" data-id=\"2e9b0e87\" data-element_type=\"column\" data-e-type=\"column\">\n\t\t\t<div class=\"elementor-widget-wrap elementor-element-populated\">\n\t\t\t\t\t\t<div class=\"elementor-element elementor-element-730f032 elementor-invisible elementor-widget elementor-widget-text-editor\" data-id=\"730f032\" data-element_type=\"widget\" data-e-type=\"widget\" data-settings=\"{&quot;_animation&quot;:&quot;fadeInUp&quot;,&quot;_animation_delay&quot;:400}\" data-widget_type=\"text-editor.default\">\n\t\t\t\t<div class=\"elementor-widget-container\">\n\t\t\t\t\t\t\t\t\t<p class=\"p1\"><span class=\"s1\">J\u00f3venes talentos, reci\u00e9n titulados\/egresados, sin experiencia laboral que hayan estudiado carreras tecnol\u00f3gicas, que tengan la motivaci\u00f3n por aprender y desarrollar todo su potencial en diversos proyectos y soluciones de m\u00faltiples industrias.<\/span><\/p><p class=\"p1\"><span class=\"s1\">Te guiamos en el inicio de tu carrera profesional, potenciamos tu aprendizaje, te estamos esperando.<\/span><\/p>\t\t\t\t\t\t\t\t<\/div>\n\t\t\t\t<\/div>\n\t\t\t\t\t<\/div>\n\t\t<\/div>\n\t\t\t\t<div class=\"elementor-column elementor-col-50 elementor-inner-column elementor-element elementor-element-26de1ae6\" data-id=\"26de1ae6\" data-element_type=\"column\" data-e-type=\"column\">\n\t\t\t<div class=\"elementor-widget-wrap elementor-element-populated\">\n\t\t\t\t\t\t<div class=\"elementor-element elementor-element-6ca6df9a elementor-widget elementor-widget-spacer\" data-id=\"6ca6df9a\" data-element_type=\"widget\" data-e-type=\"widget\" data-widget_type=\"spacer.default\">\n\t\t\t\t<div class=\"elementor-widget-container\">\n\t\t\t\t\t\t\t<div class=\"elementor-spacer\">\n\t\t\t<div class=\"elementor-spacer-inner\"><\/div>\n\t\t<\/div>\n\t\t\t\t\t\t<\/div>\n\t\t\t\t<\/div>\n\t\t\t\t<div class=\"elementor-element elementor-element-422e303e elementor-absolute elementor-invisible elementor-widget elementor-widget-image\" data-id=\"422e303e\" data-element_type=\"widget\" data-e-type=\"widget\" data-settings=\"{&quot;_position&quot;:&quot;absolute&quot;,&quot;_animation&quot;:&quot;fadeInUp&quot;,&quot;_animation_delay&quot;:500}\" data-widget_type=\"image.default\">\n\t\t\t\t<div class=\"elementor-widget-container\">\n\t\t\t\t\t\t\t\t\t\t\t\t\t\t\t<img decoding=\"async\" width=\"960\" height=\"661\" src=\"https:\/\/www.now-softwarecorp.com\/wp-content\/uploads\/2021\/09\/team.jpg\" class=\"attachment-full size-full wp-image-2046\" alt=\"\" srcset=\"https:\/\/www.now-softwarecorp.com\/wp-content\/uploads\/2021\/09\/team.jpg 960w, https:\/\/www.now-softwarecorp.com\/wp-content\/uploads\/2021\/09\/team-300x207.jpg 300w, https:\/\/www.now-softwarecorp.com\/wp-content\/uploads\/2021\/09\/team-768x529.jpg 768w, https:\/\/www.now-softwarecorp.com\/wp-content\/uploads\/2021\/09\/team-18x12.jpg 18w\" sizes=\"(max-width: 960px) 100vw, 960px\" \/>\t\t\t\t\t\t\t\t\t\t\t\t\t\t\t<\/div>\n\t\t\t\t<\/div>\n\t\t\t\t<div class=\"elementor-element elementor-element-4283a875 elementor-absolute elementor-hidden-tablet elementor-hidden-phone elementor-invisible elementor-widget elementor-widget-image\" data-id=\"4283a875\" data-element_type=\"widget\" data-e-type=\"widget\" data-settings=\"{&quot;_position&quot;:&quot;absolute&quot;,&quot;_animation&quot;:&quot;fadeInUp&quot;,&quot;_animation_delay&quot;:900}\" data-widget_type=\"image.default\">\n\t\t\t\t<div class=\"elementor-widget-container\">\n\t\t\t\t\t\t\t\t\t\t\t\t\t\t\t<img decoding=\"async\" width=\"1572\" height=\"1372\" src=\"https:\/\/www.now-softwarecorp.com\/wp-content\/uploads\/2021\/09\/nowfavicon.png\" class=\"attachment-full size-full wp-image-1723\" alt=\"\" srcset=\"https:\/\/www.now-softwarecorp.com\/wp-content\/uploads\/2021\/09\/nowfavicon.png 1572w, https:\/\/www.now-softwarecorp.com\/wp-content\/uploads\/2021\/09\/nowfavicon-300x262.png 300w, https:\/\/www.now-softwarecorp.com\/wp-content\/uploads\/2021\/09\/nowfavicon-1024x894.png 1024w, https:\/\/www.now-softwarecorp.com\/wp-content\/uploads\/2021\/09\/nowfavicon-768x670.png 768w, https:\/\/www.now-softwarecorp.com\/wp-content\/uploads\/2021\/09\/nowfavicon-1536x1341.png 1536w, https:\/\/www.now-softwarecorp.com\/wp-content\/uploads\/2021\/09\/nowfavicon-14x12.png 14w, https:\/\/www.now-softwarecorp.com\/wp-content\/uploads\/2021\/09\/nowfavicon-600x524.png 600w\" sizes=\"(max-width: 1572px) 100vw, 1572px\" \/>\t\t\t\t\t\t\t\t\t\t\t\t\t\t\t<\/div>\n\t\t\t\t<\/div>\n\t\t\t\t\t<\/div>\n\t\t<\/div>\n\t\t\t\t\t<\/div>\n\t\t<\/section>\n\t\t\t\t\t<\/div>\n\t\t<\/div>\n\t\t\t\t\t<\/div>\n\t\t<\/section>\n\t\t\t\t<section class=\"elementor-section elementor-top-section elementor-element elementor-element-3fd440ae elementor-section-boxed elementor-section-height-default elementor-section-height-default\" data-id=\"3fd440ae\" data-element_type=\"section\" data-e-type=\"section\">\n\t\t\t\t\t\t<div class=\"elementor-container elementor-column-gap-no\">\n\t\t\t\t\t<div class=\"elementor-column elementor-col-100 elementor-top-column elementor-element elementor-element-7e3f421\" data-id=\"7e3f421\" data-element_type=\"column\" data-e-type=\"column\">\n\t\t\t<div class=\"elementor-widget-wrap\">\n\t\t\t\t\t\t\t<\/div>\n\t\t<\/div>\n\t\t\t\t\t<\/div>\n\t\t<\/section>\n\t\t\t\t<section class=\"elementor-section elementor-top-section elementor-element elementor-element-e0f75f6 elementor-section-boxed elementor-section-height-default elementor-section-height-default\" data-id=\"e0f75f6\" data-element_type=\"section\" data-e-type=\"section\">\n\t\t\t\t\t\t<div class=\"elementor-container elementor-column-gap-no\">\n\t\t\t\t\t<div class=\"elementor-column elementor-col-100 elementor-top-column elementor-element elementor-element-2156bb\" data-id=\"2156bb\" data-element_type=\"column\" data-e-type=\"column\">\n\t\t\t<div class=\"elementor-widget-wrap elementor-element-populated\">\n\t\t\t\t\t\t<div class=\"elementor-element elementor-element-72c4510f elementor-widget elementor-widget-heading\" data-id=\"72c4510f\" data-element_type=\"widget\" data-e-type=\"widget\" data-widget_type=\"heading.default\">\n\t\t\t\t<div class=\"elementor-widget-container\">\n\t\t\t\t\t<h2 class=\"elementor-heading-title elementor-size-default\">\u00bfPor qu\u00e9 elegir Now Software Development?<\/h2>\t\t\t\t<\/div>\n\t\t\t\t<\/div>\n\t\t\t\t<div class=\"elementor-element elementor-element-813687b elementor-widget elementor-widget-text-editor\" data-id=\"813687b\" data-element_type=\"widget\" data-e-type=\"widget\" data-widget_type=\"text-editor.default\">\n\t\t\t\t<div class=\"elementor-widget-container\">\n\t\t\t\t\t\t\t\t\t<p class=\"p1\"><span class=\"s1\">Nuestro principal objetivo es poder potenciar un aprendizaje acelerado, que permita iniciar tu carrera profesional y adem\u00e1s adquirir m\u00faltiples habilidades que se enfocar\u00e1n en convertirte en el\/la mejor del \u00e1rea.<\/span><\/p><p class=\"p1\"><span class=\"s1\">Este es un programa que busca atraer a los j\u00f3venes talentos reci\u00e9n titulados\/as \u00a1como t\u00fa! que busquen posicionarse en \u00e1reas cr\u00edticas del negocio de Now Software Development. <\/span><\/p><p class=\"p1\"><span class=\"s1\">\u00a1Aprende de los mejores! Tendr\u00e1s acompa\u00f1amiento de tutores, managers y de la Gerencia de Personas, adem\u00e1s de complementar tu experiencia con m\u00faltiples inducciones.<\/span><\/p><p class=\"p1\"><span class=\"s1\">Participa en proyectos de tecnolog\u00eda de alto impacto en diversos \u00e1mbitos de carrera, negocios e industria.<\/span><\/p>\t\t\t\t\t\t\t\t<\/div>\n\t\t\t\t<\/div>\n\t\t\t\t<div class=\"elementor-element elementor-element-29da2ec9 elementor-align-center elementor-widget elementor-widget-button\" data-id=\"29da2ec9\" data-element_type=\"widget\" data-e-type=\"widget\" data-widget_type=\"button.default\">\n\t\t\t\t<div class=\"elementor-widget-container\">\n\t\t\t\t\t\t\t\t\t<div class=\"elementor-button-wrapper\">\n\t\t\t\t\t<a class=\"elementor-button elementor-button-link elementor-size-sm\" href=\"https:\/\/www.now-softwarecorp.com\/es\/carreer-at-now-software-development\/\">\n\t\t\t\t\t\t<span class=\"elementor-button-content-wrapper\">\n\t\t\t\t\t\t\t\t\t<span class=\"elementor-button-text\">Aplicar aqu\u00ed<\/span>\n\t\t\t\t\t<\/span>\n\t\t\t\t\t<\/a>\n\t\t\t\t<\/div>\n\t\t\t\t\t\t\t\t<\/div>\n\t\t\t\t<\/div>\n\t\t\t\t\t<\/div>\n\t\t<\/div>\n\t\t\t\t\t<\/div>\n\t\t<\/section>\n\t\t\t\t<\/div>","protected":false},"excerpt":{"rendered":"<p>What are we looking for? Recent graduates Young talents, recent graduates, without work experience who have studied technology careers, who have the motivation to learn and develop their full potential in various projects and solutions in multiple industries. We guide you in the beginning of your professional career and enhance your learning, we are waiting [&hellip;]<\/p>\n","protected":false},"author":112,"featured_media":0,"parent":0,"menu_order":0,"comment_status":"closed","ping_status":"closed","template":"","meta":{"footnotes":""},"class_list":["post-2040","page","type-page","status-publish","hentry"],"_links":{"self":[{"href":"https:\/\/www.now-softwarecorp.com\/es\/wp-json\/wp\/v2\/pages\/2040","targetHints":{"allow":["GET"]}}],"collection":[{"href":"https:\/\/www.now-softwarecorp.com\/es\/wp-json\/wp\/v2\/pages"}],"about":[{"href":"https:\/\/www.now-softwarecorp.com\/es\/wp-json\/wp\/v2\/types\/page"}],"author":[{"embeddable":true,"href":"https:\/\/www.now-softwarecorp.com\/es\/wp-json\/wp\/v2\/users\/112"}],"replies":[{"embeddable":true,"href":"https:\/\/www.now-softwarecorp.com\/es\/wp-json\/wp\/v2\/comments?post=2040"}],"version-history":[{"count":12,"href":"https:\/\/www.now-softwarecorp.com\/es\/wp-json\/wp\/v2\/pages\/2040\/revisions"}],"predecessor-version":[{"id":2223,"href":"https:\/\/www.now-softwarecorp.com\/es\/wp-json\/wp\/v2\/pages\/2040\/revisions\/2223"}],"wp:attachment":[{"href":"https:\/\/www.now-softwarecorp.com\/es\/wp-json\/wp\/v2\/media?parent=2040"}],"curies":[{"name":"wp","href":"https:\/\/api.w.org\/{rel}","templated":true}]}}