{"id":1972,"date":"2021-09-27T00:15:28","date_gmt":"2021-09-27T06:15:28","guid":{"rendered":"https:\/\/www.now-softwarecorp.com\/?page_id=1972"},"modified":"2021-09-27T13:18:20","modified_gmt":"2021-09-27T19:18:20","slug":"industries","status":"publish","type":"page","link":"https:\/\/www.now-softwarecorp.com\/es\/industries\/","title":{"rendered":"Industrias"},"content":{"rendered":"<div data-elementor-type=\"wp-page\" data-elementor-id=\"1972\" class=\"elementor elementor-1972\" data-elementor-post-type=\"page\">\n\t\t\t\t\t\t<section class=\"elementor-section elementor-top-section elementor-element elementor-element-da197dc elementor-section-boxed elementor-section-height-default elementor-section-height-default\" data-id=\"da197dc\" data-element_type=\"section\" data-e-type=\"section\">\n\t\t\t\t\t\t<div class=\"elementor-container elementor-column-gap-default\">\n\t\t\t\t\t<div class=\"elementor-column elementor-col-100 elementor-top-column elementor-element elementor-element-ab8885e\" data-id=\"ab8885e\" data-element_type=\"column\" data-e-type=\"column\">\n\t\t\t<div class=\"elementor-widget-wrap elementor-element-populated\">\n\t\t\t\t\t\t<div class=\"elementor-element elementor-element-7bbd712 elementor-widget elementor-widget-heading\" data-id=\"7bbd712\" data-element_type=\"widget\" data-e-type=\"widget\" data-widget_type=\"heading.default\">\n\t\t\t\t<div class=\"elementor-widget-container\">\n\t\t\t\t\t<h1 class=\"elementor-heading-title elementor-size-default\">Industrias<\/h1>\t\t\t\t<\/div>\n\t\t\t\t<\/div>\n\t\t\t\t\t<\/div>\n\t\t<\/div>\n\t\t\t\t\t<\/div>\n\t\t<\/section>\n\t\t\t\t<section class=\"elementor-section elementor-top-section elementor-element elementor-element-d7aa781 elementor-reverse-mobile elementor-section-boxed elementor-section-height-default elementor-section-height-default\" data-id=\"d7aa781\" data-element_type=\"section\" data-e-type=\"section\">\n\t\t\t\t\t\t<div class=\"elementor-container elementor-column-gap-default\">\n\t\t\t\t\t<div class=\"elementor-column elementor-col-50 elementor-top-column elementor-element elementor-element-0974b65\" data-id=\"0974b65\" data-element_type=\"column\" data-e-type=\"column\">\n\t\t\t<div class=\"elementor-widget-wrap elementor-element-populated\">\n\t\t\t\t\t\t<div class=\"elementor-element elementor-element-66335b7 elementor-widget elementor-widget-heading\" data-id=\"66335b7\" data-element_type=\"widget\" data-e-type=\"widget\" data-widget_type=\"heading.default\">\n\t\t\t\t<div class=\"elementor-widget-container\">\n\t\t\t\t\t<h2 class=\"elementor-heading-title elementor-size-default\">Educaci\u00f3n<\/h2>\t\t\t\t<\/div>\n\t\t\t\t<\/div>\n\t\t\t\t<div class=\"elementor-element elementor-element-a2eb593 elementor-widget elementor-widget-text-editor\" data-id=\"a2eb593\" data-element_type=\"widget\" data-e-type=\"widget\" data-widget_type=\"text-editor.default\">\n\t\t\t\t<div class=\"elementor-widget-container\">\n\t\t\t\t\t\t\t\t\t<p class=\"p1\"><span class=\"s1\">Soluciones para realizar gestiones de todos los procesos educativos<\/span><\/p><p class=\"p1\"><span class=\"s1\">Los servicios tecnol\u00f3gicos son cada vez m\u00e1s demandados por las instituciones de educaci\u00f3n, migrando a diversas herramientas con el fin de entregar a los estudiantes y profesores diversos servicios web con mayor disponibilidad y desempe\u00f1o, que se traducen en mejoras importantes para el quehacer de sus alumnos y usuarios.<\/span><\/p>\t\t\t\t\t\t\t\t<\/div>\n\t\t\t\t<\/div>\n\t\t\t\t<div class=\"elementor-element elementor-element-889e429 elementor-mobile-align-center elementor-widget elementor-widget-button\" data-id=\"889e429\" data-element_type=\"widget\" data-e-type=\"widget\" data-widget_type=\"button.default\">\n\t\t\t\t<div class=\"elementor-widget-container\">\n\t\t\t\t\t\t\t\t\t<div class=\"elementor-button-wrapper\">\n\t\t\t\t\t<a class=\"elementor-button elementor-button-link elementor-size-sm\" href=\"https:\/\/www.now-softwarecorp.com\/es\/contact\/\">\n\t\t\t\t\t\t<span class=\"elementor-button-content-wrapper\">\n\t\t\t\t\t\t\t\t\t<span class=\"elementor-button-text\">Contactar un profesional<\/span>\n\t\t\t\t\t<\/span>\n\t\t\t\t\t<\/a>\n\t\t\t\t<\/div>\n\t\t\t\t\t\t\t\t<\/div>\n\t\t\t\t<\/div>\n\t\t\t\t\t<\/div>\n\t\t<\/div>\n\t\t\t\t<div class=\"elementor-column elementor-col-50 elementor-top-column elementor-element elementor-element-0c3ad1a\" data-id=\"0c3ad1a\" data-element_type=\"column\" data-e-type=\"column\">\n\t\t\t<div class=\"elementor-widget-wrap elementor-element-populated\">\n\t\t\t\t\t\t<div class=\"elementor-element elementor-element-ef32cac elementor-widget elementor-widget-image\" data-id=\"ef32cac\" data-element_type=\"widget\" data-e-type=\"widget\" data-widget_type=\"image.default\">\n\t\t\t\t<div class=\"elementor-widget-container\">\n\t\t\t\t\t\t\t\t\t\t\t\t\t\t\t<img fetchpriority=\"high\" decoding=\"async\" width=\"800\" height=\"551\" src=\"https:\/\/www.now-softwarecorp.com\/wp-content\/uploads\/2021\/09\/education.jpg\" class=\"attachment-large size-large wp-image-1985\" alt=\"\" srcset=\"https:\/\/www.now-softwarecorp.com\/wp-content\/uploads\/2021\/09\/education.jpg 960w, https:\/\/www.now-softwarecorp.com\/wp-content\/uploads\/2021\/09\/education-300x207.jpg 300w, https:\/\/www.now-softwarecorp.com\/wp-content\/uploads\/2021\/09\/education-768x529.jpg 768w, https:\/\/www.now-softwarecorp.com\/wp-content\/uploads\/2021\/09\/education-18x12.jpg 18w\" sizes=\"(max-width: 800px) 100vw, 800px\" \/>\t\t\t\t\t\t\t\t\t\t\t\t\t\t\t<\/div>\n\t\t\t\t<\/div>\n\t\t\t\t\t<\/div>\n\t\t<\/div>\n\t\t\t\t\t<\/div>\n\t\t<\/section>\n\t\t\t\t<section class=\"elementor-section elementor-top-section elementor-element elementor-element-eaf30c6 elementor-section-boxed elementor-section-height-default elementor-section-height-default\" data-id=\"eaf30c6\" data-element_type=\"section\" data-e-type=\"section\">\n\t\t\t\t\t\t<div class=\"elementor-container elementor-column-gap-default\">\n\t\t\t\t\t<div class=\"elementor-column elementor-col-50 elementor-top-column elementor-element elementor-element-80450a4\" data-id=\"80450a4\" data-element_type=\"column\" data-e-type=\"column\">\n\t\t\t<div class=\"elementor-widget-wrap elementor-element-populated\">\n\t\t\t\t\t\t<div class=\"elementor-element elementor-element-508f922 elementor-widget elementor-widget-image\" data-id=\"508f922\" data-element_type=\"widget\" data-e-type=\"widget\" data-widget_type=\"image.default\">\n\t\t\t\t<div class=\"elementor-widget-container\">\n\t\t\t\t\t\t\t\t\t\t\t\t\t\t\t<img decoding=\"async\" width=\"800\" height=\"551\" src=\"https:\/\/www.now-softwarecorp.com\/wp-content\/uploads\/2021\/09\/transportation.jpg\" class=\"attachment-large size-large wp-image-1984\" alt=\"\" srcset=\"https:\/\/www.now-softwarecorp.com\/wp-content\/uploads\/2021\/09\/transportation.jpg 960w, https:\/\/www.now-softwarecorp.com\/wp-content\/uploads\/2021\/09\/transportation-300x207.jpg 300w, https:\/\/www.now-softwarecorp.com\/wp-content\/uploads\/2021\/09\/transportation-768x529.jpg 768w, https:\/\/www.now-softwarecorp.com\/wp-content\/uploads\/2021\/09\/transportation-18x12.jpg 18w\" sizes=\"(max-width: 800px) 100vw, 800px\" \/>\t\t\t\t\t\t\t\t\t\t\t\t\t\t\t<\/div>\n\t\t\t\t<\/div>\n\t\t\t\t\t<\/div>\n\t\t<\/div>\n\t\t\t\t<div class=\"elementor-column elementor-col-50 elementor-top-column elementor-element elementor-element-078d1dc\" data-id=\"078d1dc\" data-element_type=\"column\" data-e-type=\"column\">\n\t\t\t<div class=\"elementor-widget-wrap elementor-element-populated\">\n\t\t\t\t\t\t<div class=\"elementor-element elementor-element-bd0deea elementor-widget elementor-widget-heading\" data-id=\"bd0deea\" data-element_type=\"widget\" data-e-type=\"widget\" data-widget_type=\"heading.default\">\n\t\t\t\t<div class=\"elementor-widget-container\">\n\t\t\t\t\t<h2 class=\"elementor-heading-title elementor-size-default\">Transporte<\/h2>\t\t\t\t<\/div>\n\t\t\t\t<\/div>\n\t\t\t\t<div class=\"elementor-element elementor-element-64a25bb elementor-widget elementor-widget-text-editor\" data-id=\"64a25bb\" data-element_type=\"widget\" data-e-type=\"widget\" data-widget_type=\"text-editor.default\">\n\t\t\t\t<div class=\"elementor-widget-container\">\n\t\t\t\t\t\t\t\t\t<p class=\"p1\"><span class=\"s1\">Sistemas de transporte automatizados al servicio de los usuarios<\/span><\/p><p class=\"p1\"><span class=\"s1\">El aumento explosivo de la flotilla vehicular es un s\u00edntoma propio de los pa\u00edses en v\u00edas de desarrollo. <\/span><\/p><p class=\"p1\"><span class=\"s1\">La organizaci\u00f3n, control y gesti\u00f3n de sistemas de transporte es uno de los principales desaf\u00edos en las ciudades modernas. Esto, sumado a la necesidad de contar con un sistema de transporte p\u00fablico que sea una alternativa eficiente a los autos particulares y a las crecientes flotas de transporte privadas que operan en la regi\u00f3n producto del crecimiento econ\u00f3mico, hace necesario contar con el apoyo intensivo de las TIC para lograr una mejor gesti\u00f3n y control de las flotillas que circulan en las ciudades.<\/span><\/p><p class=\"p1\"><span class=\"s1\">Control de sem\u00e1foros<\/span><\/p><p class=\"p1\"><span class=\"s1\">Incluye todos los servicios para la implementaci\u00f3n y puesta en marcha del proyecto que permite ahorros de tiempo enormes a los habitantes de la ciudad. Los controladores de sem\u00e1foros, comunicaciones, obras civiles y de semaforizaci\u00f3n, obra de mejoramiento y sistema de circuito cerrado\u00a0<\/span><\/p>\t\t\t\t\t\t\t\t<\/div>\n\t\t\t\t<\/div>\n\t\t\t\t<div class=\"elementor-element elementor-element-c63a9a3 elementor-mobile-align-center elementor-widget elementor-widget-button\" data-id=\"c63a9a3\" data-element_type=\"widget\" data-e-type=\"widget\" data-widget_type=\"button.default\">\n\t\t\t\t<div class=\"elementor-widget-container\">\n\t\t\t\t\t\t\t\t\t<div class=\"elementor-button-wrapper\">\n\t\t\t\t\t<a class=\"elementor-button elementor-button-link elementor-size-sm\" href=\"https:\/\/www.now-softwarecorp.com\/es\/contact\/\">\n\t\t\t\t\t\t<span class=\"elementor-button-content-wrapper\">\n\t\t\t\t\t\t\t\t\t<span class=\"elementor-button-text\">Contactar un profesional<\/span>\n\t\t\t\t\t<\/span>\n\t\t\t\t\t<\/a>\n\t\t\t\t<\/div>\n\t\t\t\t\t\t\t\t<\/div>\n\t\t\t\t<\/div>\n\t\t\t\t\t<\/div>\n\t\t<\/div>\n\t\t\t\t\t<\/div>\n\t\t<\/section>\n\t\t\t\t<section class=\"elementor-section elementor-top-section elementor-element elementor-element-24fbcd2 elementor-reverse-mobile elementor-section-boxed elementor-section-height-default elementor-section-height-default\" data-id=\"24fbcd2\" data-element_type=\"section\" data-e-type=\"section\">\n\t\t\t\t\t\t<div class=\"elementor-container elementor-column-gap-default\">\n\t\t\t\t\t<div class=\"elementor-column elementor-col-50 elementor-top-column elementor-element elementor-element-947b75e\" data-id=\"947b75e\" data-element_type=\"column\" data-e-type=\"column\">\n\t\t\t<div class=\"elementor-widget-wrap elementor-element-populated\">\n\t\t\t\t\t\t<div class=\"elementor-element elementor-element-80d5966 elementor-widget elementor-widget-heading\" data-id=\"80d5966\" data-element_type=\"widget\" data-e-type=\"widget\" data-widget_type=\"heading.default\">\n\t\t\t\t<div class=\"elementor-widget-container\">\n\t\t\t\t\t<h2 class=\"elementor-heading-title elementor-size-default\">Banca y finanzas\n<\/h2>\t\t\t\t<\/div>\n\t\t\t\t<\/div>\n\t\t\t\t<div class=\"elementor-element elementor-element-41197ca elementor-widget elementor-widget-text-editor\" data-id=\"41197ca\" data-element_type=\"widget\" data-e-type=\"widget\" data-widget_type=\"text-editor.default\">\n\t\t\t\t<div class=\"elementor-widget-container\">\n\t\t\t\t\t\t\t\t\t<p class=\"p1\"><span class=\"s1\">Eficiencia y seguridad de la informaci\u00f3n alineadas con est\u00e1ndares y normativas de la industria<\/span><\/p><p class=\"p1\"><span class=\"s1\">Gestionar el riesgo financiero en forma \u00f3ptima, informaci\u00f3n oportuna y actualizada al momento de tomar decisiones, cumplir con las regulaciones impuestas y controlar el riesgo operacional para ofrecer seguridad inform\u00e1tica a los clientes, poniendo a su alcance las \u00faltimas tecnolog\u00edas para su beneficio, comodidad y seguridad. Estas son algunas de variables que deben conocer las empresas que operan en el mercado de los servicios financieros.<\/span><\/p><p class=\"p1\"><span class=\"s1\">Somos expertos en monitoreo en tiempo real, r\u00e9cord crediticio, automatizaci\u00f3n de procesos, plataformas de cr\u00e9dito, factoreo, motores de pagos y gesti\u00f3n de inversiones.<\/span><\/p>\t\t\t\t\t\t\t\t<\/div>\n\t\t\t\t<\/div>\n\t\t\t\t<div class=\"elementor-element elementor-element-64e8094 elementor-mobile-align-center elementor-widget elementor-widget-button\" data-id=\"64e8094\" data-element_type=\"widget\" data-e-type=\"widget\" data-widget_type=\"button.default\">\n\t\t\t\t<div class=\"elementor-widget-container\">\n\t\t\t\t\t\t\t\t\t<div class=\"elementor-button-wrapper\">\n\t\t\t\t\t<a class=\"elementor-button elementor-button-link elementor-size-sm\" href=\"https:\/\/www.now-softwarecorp.com\/es\/contact\/\">\n\t\t\t\t\t\t<span class=\"elementor-button-content-wrapper\">\n\t\t\t\t\t\t\t\t\t<span class=\"elementor-button-text\">Contactar un profesional<\/span>\n\t\t\t\t\t<\/span>\n\t\t\t\t\t<\/a>\n\t\t\t\t<\/div>\n\t\t\t\t\t\t\t\t<\/div>\n\t\t\t\t<\/div>\n\t\t\t\t\t<\/div>\n\t\t<\/div>\n\t\t\t\t<div class=\"elementor-column elementor-col-50 elementor-top-column elementor-element elementor-element-3395f02\" data-id=\"3395f02\" data-element_type=\"column\" data-e-type=\"column\">\n\t\t\t<div class=\"elementor-widget-wrap elementor-element-populated\">\n\t\t\t\t\t\t<div class=\"elementor-element elementor-element-83840da elementor-widget elementor-widget-image\" data-id=\"83840da\" data-element_type=\"widget\" data-e-type=\"widget\" data-widget_type=\"image.default\">\n\t\t\t\t<div class=\"elementor-widget-container\">\n\t\t\t\t\t\t\t\t\t\t\t\t\t\t\t<img decoding=\"async\" width=\"800\" height=\"551\" src=\"https:\/\/www.now-softwarecorp.com\/wp-content\/uploads\/2021\/09\/bankiging.jpg\" class=\"attachment-large size-large wp-image-1982\" alt=\"\" srcset=\"https:\/\/www.now-softwarecorp.com\/wp-content\/uploads\/2021\/09\/bankiging.jpg 960w, https:\/\/www.now-softwarecorp.com\/wp-content\/uploads\/2021\/09\/bankiging-300x207.jpg 300w, https:\/\/www.now-softwarecorp.com\/wp-content\/uploads\/2021\/09\/bankiging-768x529.jpg 768w, https:\/\/www.now-softwarecorp.com\/wp-content\/uploads\/2021\/09\/bankiging-18x12.jpg 18w\" sizes=\"(max-width: 800px) 100vw, 800px\" \/>\t\t\t\t\t\t\t\t\t\t\t\t\t\t\t<\/div>\n\t\t\t\t<\/div>\n\t\t\t\t\t<\/div>\n\t\t<\/div>\n\t\t\t\t\t<\/div>\n\t\t<\/section>\n\t\t\t\t<section class=\"elementor-section elementor-top-section elementor-element elementor-element-b1400a7 elementor-section-boxed elementor-section-height-default elementor-section-height-default\" data-id=\"b1400a7\" data-element_type=\"section\" data-e-type=\"section\">\n\t\t\t\t\t\t<div class=\"elementor-container elementor-column-gap-default\">\n\t\t\t\t\t<div class=\"elementor-column elementor-col-50 elementor-top-column elementor-element elementor-element-4f06036\" data-id=\"4f06036\" data-element_type=\"column\" data-e-type=\"column\">\n\t\t\t<div class=\"elementor-widget-wrap elementor-element-populated\">\n\t\t\t\t\t\t<div class=\"elementor-element elementor-element-2dd081a elementor-widget elementor-widget-image\" data-id=\"2dd081a\" data-element_type=\"widget\" data-e-type=\"widget\" data-widget_type=\"image.default\">\n\t\t\t\t<div class=\"elementor-widget-container\">\n\t\t\t\t\t\t\t\t\t\t\t\t\t\t\t<img loading=\"lazy\" decoding=\"async\" width=\"800\" height=\"551\" src=\"https:\/\/www.now-softwarecorp.com\/wp-content\/uploads\/2021\/09\/health.jpg\" class=\"attachment-large size-large wp-image-1983\" alt=\"\" srcset=\"https:\/\/www.now-softwarecorp.com\/wp-content\/uploads\/2021\/09\/health.jpg 960w, https:\/\/www.now-softwarecorp.com\/wp-content\/uploads\/2021\/09\/health-300x207.jpg 300w, https:\/\/www.now-softwarecorp.com\/wp-content\/uploads\/2021\/09\/health-768x529.jpg 768w, https:\/\/www.now-softwarecorp.com\/wp-content\/uploads\/2021\/09\/health-18x12.jpg 18w\" sizes=\"(max-width: 800px) 100vw, 800px\" \/>\t\t\t\t\t\t\t\t\t\t\t\t\t\t\t<\/div>\n\t\t\t\t<\/div>\n\t\t\t\t\t<\/div>\n\t\t<\/div>\n\t\t\t\t<div class=\"elementor-column elementor-col-50 elementor-top-column elementor-element elementor-element-fe38493\" data-id=\"fe38493\" data-element_type=\"column\" data-e-type=\"column\">\n\t\t\t<div class=\"elementor-widget-wrap elementor-element-populated\">\n\t\t\t\t\t\t<div class=\"elementor-element elementor-element-c5cd702 elementor-widget elementor-widget-heading\" data-id=\"c5cd702\" data-element_type=\"widget\" data-e-type=\"widget\" data-widget_type=\"heading.default\">\n\t\t\t\t<div class=\"elementor-widget-container\">\n\t\t\t\t\t<h2 class=\"elementor-heading-title elementor-size-default\">Salud<\/h2>\t\t\t\t<\/div>\n\t\t\t\t<\/div>\n\t\t\t\t<div class=\"elementor-element elementor-element-6e6496a elementor-widget elementor-widget-text-editor\" data-id=\"6e6496a\" data-element_type=\"widget\" data-e-type=\"widget\" data-widget_type=\"text-editor.default\">\n\t\t\t\t<div class=\"elementor-widget-container\">\n\t\t\t\t\t\t\t\t\t<p class=\"p1\"><span class=\"s1\">Tecnolog\u00edas de informaci\u00f3n al servicio de un sistema de salud integral y eficiente<\/span><\/p><p class=\"p1\"><span class=\"s1\">Uno de los sectores m\u00e1s importantes y competitivos en la actualidad es el de la Salud, donde, adem\u00e1s, existe un creciente nivel de exigencia de los usuarios, los beneficiarios de los Aseguradores de Salud (tanto p\u00fablicos como privados), los prestadores (Hospitales, Laboratorios y Centros M\u00e9dicos), estos son elegidos no s\u00f3lo en t\u00e9rminos de la calidad de sus servicios m\u00e9dicos, sino de la atenci\u00f3n integral que ofrecen a sus pacientes.<\/span><\/p><p class=\"p1\"><span class=\"s1\">Algunas de nuestras soluciones son, las cobranzas de cuentas m\u00e9dicas, facturaciones, automatizaciones de citas m\u00e9dicas, entregas de resultados y notificaciones a trav\u00e9s de canales tecnol\u00f3gicos\u00a0\u00a0<\/span><\/p>\t\t\t\t\t\t\t\t<\/div>\n\t\t\t\t<\/div>\n\t\t\t\t<div class=\"elementor-element elementor-element-e61fd09 elementor-mobile-align-center elementor-widget elementor-widget-button\" data-id=\"e61fd09\" data-element_type=\"widget\" data-e-type=\"widget\" data-widget_type=\"button.default\">\n\t\t\t\t<div class=\"elementor-widget-container\">\n\t\t\t\t\t\t\t\t\t<div class=\"elementor-button-wrapper\">\n\t\t\t\t\t<a class=\"elementor-button elementor-button-link elementor-size-sm\" href=\"https:\/\/www.now-softwarecorp.com\/es\/contact\/\">\n\t\t\t\t\t\t<span class=\"elementor-button-content-wrapper\">\n\t\t\t\t\t\t\t\t\t<span class=\"elementor-button-text\">Contactar un profesional<\/span>\n\t\t\t\t\t<\/span>\n\t\t\t\t\t<\/a>\n\t\t\t\t<\/div>\n\t\t\t\t\t\t\t\t<\/div>\n\t\t\t\t<\/div>\n\t\t\t\t\t<\/div>\n\t\t<\/div>\n\t\t\t\t\t<\/div>\n\t\t<\/section>\n\t\t\t\t<section class=\"elementor-section elementor-top-section elementor-element elementor-element-534a79c elementor-reverse-mobile elementor-section-boxed elementor-section-height-default elementor-section-height-default\" data-id=\"534a79c\" data-element_type=\"section\" data-e-type=\"section\">\n\t\t\t\t\t\t<div class=\"elementor-container elementor-column-gap-default\">\n\t\t\t\t\t<div class=\"elementor-column elementor-col-50 elementor-top-column elementor-element elementor-element-42e72c3\" data-id=\"42e72c3\" data-element_type=\"column\" data-e-type=\"column\">\n\t\t\t<div class=\"elementor-widget-wrap elementor-element-populated\">\n\t\t\t\t\t\t<div class=\"elementor-element elementor-element-40f87ca elementor-widget elementor-widget-heading\" data-id=\"40f87ca\" data-element_type=\"widget\" data-e-type=\"widget\" data-widget_type=\"heading.default\">\n\t\t\t\t<div class=\"elementor-widget-container\">\n\t\t\t\t\t<h2 class=\"elementor-heading-title elementor-size-default\">Ventas al por menor\n<\/h2>\t\t\t\t<\/div>\n\t\t\t\t<\/div>\n\t\t\t\t<div class=\"elementor-element elementor-element-1690c22 elementor-widget elementor-widget-text-editor\" data-id=\"1690c22\" data-element_type=\"widget\" data-e-type=\"widget\" data-widget_type=\"text-editor.default\">\n\t\t\t\t<div class=\"elementor-widget-container\">\n\t\t\t\t\t\t\t\t\t<p class=\"p1\"><span class=\"s1\">Now Software Development te ofrece soluciones de retail que permiten abordar los desaf\u00edos caracter\u00edsticos de este tipo de negocio, por ejemplo: la multicanalidad, la movilidad, la fidelizaci\u00f3n y la expansi\u00f3n de sus tiendas de forma \u00e1gil y eficiente, permitiendo poner al cliente en el centro, garantiz\u00e1ndole una experiencia de compra coherente y personalizada entre los distintos medios digitales.<\/span><\/p><p class=\"p1\"><span class=\"s1\">La revoluci\u00f3n digital ha generado una mayor competitividad en retail, por lo que en Now Software Development contamos con una serie de soluciones que permiten enfrentar los desaf\u00edos que trae la digitalizaci\u00f3n, eliminando las barreras de entrada para nuevos actores, el surgimiento de diversos segmentos de clientes y la implementaci\u00f3n de estrategias multicanal.<\/span><\/p>\t\t\t\t\t\t\t\t<\/div>\n\t\t\t\t<\/div>\n\t\t\t\t<div class=\"elementor-element elementor-element-fc8d115 elementor-mobile-align-center elementor-widget elementor-widget-button\" data-id=\"fc8d115\" data-element_type=\"widget\" data-e-type=\"widget\" data-widget_type=\"button.default\">\n\t\t\t\t<div class=\"elementor-widget-container\">\n\t\t\t\t\t\t\t\t\t<div class=\"elementor-button-wrapper\">\n\t\t\t\t\t<a class=\"elementor-button elementor-button-link elementor-size-sm\" href=\"https:\/\/www.now-softwarecorp.com\/es\/contact\/\">\n\t\t\t\t\t\t<span class=\"elementor-button-content-wrapper\">\n\t\t\t\t\t\t\t\t\t<span class=\"elementor-button-text\">Contactar un profesional<\/span>\n\t\t\t\t\t<\/span>\n\t\t\t\t\t<\/a>\n\t\t\t\t<\/div>\n\t\t\t\t\t\t\t\t<\/div>\n\t\t\t\t<\/div>\n\t\t\t\t\t<\/div>\n\t\t<\/div>\n\t\t\t\t<div class=\"elementor-column elementor-col-50 elementor-top-column elementor-element elementor-element-db03c06\" data-id=\"db03c06\" data-element_type=\"column\" data-e-type=\"column\">\n\t\t\t<div class=\"elementor-widget-wrap elementor-element-populated\">\n\t\t\t\t\t\t<div class=\"elementor-element elementor-element-e808e99 elementor-widget elementor-widget-image\" data-id=\"e808e99\" data-element_type=\"widget\" data-e-type=\"widget\" data-widget_type=\"image.default\">\n\t\t\t\t<div class=\"elementor-widget-container\">\n\t\t\t\t\t\t\t\t\t\t\t\t\t\t\t<img loading=\"lazy\" decoding=\"async\" width=\"800\" height=\"551\" src=\"https:\/\/www.now-softwarecorp.com\/wp-content\/uploads\/2021\/09\/retail.jpg\" class=\"attachment-large size-large wp-image-1986\" alt=\"\" srcset=\"https:\/\/www.now-softwarecorp.com\/wp-content\/uploads\/2021\/09\/retail.jpg 960w, https:\/\/www.now-softwarecorp.com\/wp-content\/uploads\/2021\/09\/retail-300x207.jpg 300w, https:\/\/www.now-softwarecorp.com\/wp-content\/uploads\/2021\/09\/retail-768x529.jpg 768w, https:\/\/www.now-softwarecorp.com\/wp-content\/uploads\/2021\/09\/retail-18x12.jpg 18w\" sizes=\"(max-width: 800px) 100vw, 800px\" \/>\t\t\t\t\t\t\t\t\t\t\t\t\t\t\t<\/div>\n\t\t\t\t<\/div>\n\t\t\t\t\t<\/div>\n\t\t<\/div>\n\t\t\t\t\t<\/div>\n\t\t<\/section>\n\t\t\t\t<\/div>","protected":false},"excerpt":{"rendered":"<p>Industries Education Solutions to manage all educational processes. Technological services are increasingly demanded by educational institutions, migrating to various tools in order to provide students and teachers with various web services with greater availability and performance, resulting in significant improvements for the work of their students and users. Contact a professional Transport Automated transport systems [&hellip;]<\/p>\n","protected":false},"author":112,"featured_media":0,"parent":0,"menu_order":0,"comment_status":"closed","ping_status":"closed","template":"","meta":{"footnotes":""},"class_list":["post-1972","page","type-page","status-publish","hentry"],"_links":{"self":[{"href":"https:\/\/www.now-softwarecorp.com\/es\/wp-json\/wp\/v2\/pages\/1972","targetHints":{"allow":["GET"]}}],"collection":[{"href":"https:\/\/www.now-softwarecorp.com\/es\/wp-json\/wp\/v2\/pages"}],"about":[{"href":"https:\/\/www.now-softwarecorp.com\/es\/wp-json\/wp\/v2\/types\/page"}],"author":[{"embeddable":true,"href":"https:\/\/www.now-softwarecorp.com\/es\/wp-json\/wp\/v2\/users\/112"}],"replies":[{"embeddable":true,"href":"https:\/\/www.now-softwarecorp.com\/es\/wp-json\/wp\/v2\/comments?post=1972"}],"version-history":[{"count":12,"href":"https:\/\/www.now-softwarecorp.com\/es\/wp-json\/wp\/v2\/pages\/1972\/revisions"}],"predecessor-version":[{"id":2143,"href":"https:\/\/www.now-softwarecorp.com\/es\/wp-json\/wp\/v2\/pages\/1972\/revisions\/2143"}],"wp:attachment":[{"href":"https:\/\/www.now-softwarecorp.com\/es\/wp-json\/wp\/v2\/media?parent=1972"}],"curies":[{"name":"wp","href":"https:\/\/api.w.org\/{rel}","templated":true}]}}