{"id":1891,"date":"2021-09-26T13:05:35","date_gmt":"2021-09-26T19:05:35","guid":{"rendered":"https:\/\/www.now-softwarecorp.com\/?page_id=1891"},"modified":"2021-09-26T13:19:07","modified_gmt":"2021-09-26T19:19:07","slug":"consulting","status":"publish","type":"page","link":"https:\/\/www.now-softwarecorp.com\/es\/services\/consulting\/","title":{"rendered":"Consultor\u00edas"},"content":{"rendered":"<div data-elementor-type=\"wp-page\" data-elementor-id=\"1891\" class=\"elementor elementor-1891\" data-elementor-post-type=\"page\">\n\t\t\t\t\t\t<section class=\"elementor-section elementor-top-section elementor-element elementor-element-6d66bcae elementor-section-full_width elementor-section-content-bottom elementor-section-height-default elementor-section-height-default\" data-id=\"6d66bcae\" data-element_type=\"section\" data-e-type=\"section\" data-settings=\"{&quot;background_background&quot;:&quot;classic&quot;}\">\n\t\t\t\t\t\t<div class=\"elementor-container elementor-column-gap-no\">\n\t\t\t\t\t<div class=\"elementor-column elementor-col-25 elementor-top-column elementor-element elementor-element-7997984c\" data-id=\"7997984c\" data-element_type=\"column\" data-e-type=\"column\" data-settings=\"{&quot;background_background&quot;:&quot;classic&quot;}\">\n\t\t\t<div class=\"elementor-widget-wrap elementor-element-populated\">\n\t\t\t\t\t\t<section class=\"elementor-section elementor-inner-section elementor-element elementor-element-654af72b elementor-section-boxed elementor-section-height-default elementor-section-height-default\" data-id=\"654af72b\" data-element_type=\"section\" data-e-type=\"section\">\n\t\t\t\t\t\t<div class=\"elementor-container elementor-column-gap-no\">\n\t\t\t\t\t<div class=\"elementor-column elementor-col-100 elementor-inner-column elementor-element elementor-element-705ae2d2\" data-id=\"705ae2d2\" data-element_type=\"column\" data-e-type=\"column\">\n\t\t\t<div class=\"elementor-widget-wrap elementor-element-populated\">\n\t\t\t\t\t\t<div class=\"elementor-element elementor-element-a08f51d elementor-widget elementor-widget-image\" data-id=\"a08f51d\" data-element_type=\"widget\" data-e-type=\"widget\" data-widget_type=\"image.default\">\n\t\t\t\t<div class=\"elementor-widget-container\">\n\t\t\t\t\t\t\t\t\t\t\t\t\t\t\t<img fetchpriority=\"high\" decoding=\"async\" width=\"800\" height=\"708\" src=\"https:\/\/www.now-softwarecorp.com\/wp-content\/uploads\/2021\/09\/consl.jpg\" class=\"attachment-large size-large wp-image-1912\" alt=\"\" srcset=\"https:\/\/www.now-softwarecorp.com\/wp-content\/uploads\/2021\/09\/consl.jpg 960w, https:\/\/www.now-softwarecorp.com\/wp-content\/uploads\/2021\/09\/consl-300x266.jpg 300w, https:\/\/www.now-softwarecorp.com\/wp-content\/uploads\/2021\/09\/consl-768x680.jpg 768w, https:\/\/www.now-softwarecorp.com\/wp-content\/uploads\/2021\/09\/consl-14x12.jpg 14w\" sizes=\"(max-width: 800px) 100vw, 800px\" \/>\t\t\t\t\t\t\t\t\t\t\t\t\t\t\t<\/div>\n\t\t\t\t<\/div>\n\t\t\t\t\t<\/div>\n\t\t<\/div>\n\t\t\t\t\t<\/div>\n\t\t<\/section>\n\t\t\t\t\t<\/div>\n\t\t<\/div>\n\t\t\t\t<div class=\"elementor-column elementor-col-25 elementor-top-column elementor-element elementor-element-1b05e5fa\" data-id=\"1b05e5fa\" data-element_type=\"column\" data-e-type=\"column\">\n\t\t\t<div class=\"elementor-widget-wrap elementor-element-populated\">\n\t\t\t\t\t\t<div class=\"elementor-element elementor-element-767c1fd3 elementor-widget elementor-widget-spacer\" data-id=\"767c1fd3\" data-element_type=\"widget\" data-e-type=\"widget\" data-widget_type=\"spacer.default\">\n\t\t\t\t<div class=\"elementor-widget-container\">\n\t\t\t\t\t\t\t<div class=\"elementor-spacer\">\n\t\t\t<div class=\"elementor-spacer-inner\"><\/div>\n\t\t<\/div>\n\t\t\t\t\t\t<\/div>\n\t\t\t\t<\/div>\n\t\t\t\t\t<\/div>\n\t\t<\/div>\n\t\t\t\t<div class=\"elementor-column elementor-col-25 elementor-top-column elementor-element elementor-element-217c72d7\" data-id=\"217c72d7\" data-element_type=\"column\" data-e-type=\"column\" data-settings=\"{&quot;background_background&quot;:&quot;classic&quot;}\">\n\t\t\t<div class=\"elementor-widget-wrap elementor-element-populated\">\n\t\t\t\t\t\t<div class=\"elementor-element elementor-element-84d44ff elementor-widget elementor-widget-heading\" data-id=\"84d44ff\" data-element_type=\"widget\" data-e-type=\"widget\" data-widget_type=\"heading.default\">\n\t\t\t\t<div class=\"elementor-widget-container\">\n\t\t\t\t\t<h6 class=\"elementor-heading-title elementor-size-default\">Nosotros te ayudamos <\/h6>\t\t\t\t<\/div>\n\t\t\t\t<\/div>\n\t\t\t\t<div class=\"elementor-element elementor-element-43d4e614 elementor-widget elementor-widget-heading\" data-id=\"43d4e614\" data-element_type=\"widget\" data-e-type=\"widget\" data-widget_type=\"heading.default\">\n\t\t\t\t<div class=\"elementor-widget-container\">\n\t\t\t\t\t<h2 class=\"elementor-heading-title elementor-size-default\">Consultor\u00edas<\/h2>\t\t\t\t<\/div>\n\t\t\t\t<\/div>\n\t\t\t\t<div class=\"elementor-element elementor-element-1ce240aa elementor-widget elementor-widget-text-editor\" data-id=\"1ce240aa\" data-element_type=\"widget\" data-e-type=\"widget\" data-widget_type=\"text-editor.default\">\n\t\t\t\t<div class=\"elementor-widget-container\">\n\t\t\t\t\t\t\t\t\t<p class=\"p1\"><span class=\"s1\">Nuestro servicio es ideal para corporaciones e instituciones que requieren nuevas formas de mejorar su gesti\u00f3n de rentabilidad, ingresos, tecnolog\u00eda, administraci\u00f3n y riesgos.<\/span><\/p><p class=\"p1\">\u00a0<\/p>\t\t\t\t\t\t\t\t<\/div>\n\t\t\t\t<\/div>\n\t\t\t\t\t<\/div>\n\t\t<\/div>\n\t\t\t\t<div class=\"elementor-column elementor-col-25 elementor-top-column elementor-element elementor-element-6577ddd0\" data-id=\"6577ddd0\" data-element_type=\"column\" data-e-type=\"column\">\n\t\t\t<div class=\"elementor-widget-wrap elementor-element-populated\">\n\t\t\t\t\t\t<div class=\"elementor-element elementor-element-503ca6f6 elementor-widget elementor-widget-spacer\" data-id=\"503ca6f6\" data-element_type=\"widget\" data-e-type=\"widget\" data-widget_type=\"spacer.default\">\n\t\t\t\t<div class=\"elementor-widget-container\">\n\t\t\t\t\t\t\t<div class=\"elementor-spacer\">\n\t\t\t<div class=\"elementor-spacer-inner\"><\/div>\n\t\t<\/div>\n\t\t\t\t\t\t<\/div>\n\t\t\t\t<\/div>\n\t\t\t\t\t<\/div>\n\t\t<\/div>\n\t\t\t\t\t<\/div>\n\t\t<\/section>\n\t\t\t\t<section class=\"elementor-section elementor-top-section elementor-element elementor-element-1d257cca elementor-hidden-mobile elementor-section-boxed elementor-section-height-default elementor-section-height-default\" data-id=\"1d257cca\" data-element_type=\"section\" data-e-type=\"section\">\n\t\t\t\t\t\t<div class=\"elementor-container elementor-column-gap-no\">\n\t\t\t\t\t<div class=\"elementor-column elementor-col-50 elementor-top-column elementor-element elementor-element-70664a06\" data-id=\"70664a06\" data-element_type=\"column\" data-e-type=\"column\">\n\t\t\t<div class=\"elementor-widget-wrap elementor-element-populated\">\n\t\t\t\t\t\t<div class=\"elementor-element elementor-element-58bde28e elementor-widget elementor-widget-spacer\" data-id=\"58bde28e\" data-element_type=\"widget\" data-e-type=\"widget\" data-widget_type=\"spacer.default\">\n\t\t\t\t<div class=\"elementor-widget-container\">\n\t\t\t\t\t\t\t<div class=\"elementor-spacer\">\n\t\t\t<div class=\"elementor-spacer-inner\"><\/div>\n\t\t<\/div>\n\t\t\t\t\t\t<\/div>\n\t\t\t\t<\/div>\n\t\t\t\t\t<\/div>\n\t\t<\/div>\n\t\t\t\t<div class=\"elementor-column elementor-col-50 elementor-top-column elementor-element elementor-element-4c8dc5d8\" data-id=\"4c8dc5d8\" data-element_type=\"column\" data-e-type=\"column\">\n\t\t\t<div class=\"elementor-widget-wrap\">\n\t\t\t\t\t\t\t<\/div>\n\t\t<\/div>\n\t\t\t\t\t<\/div>\n\t\t<\/section>\n\t\t\t\t<section class=\"elementor-section elementor-top-section elementor-element elementor-element-3713bc20 elementor-section-boxed elementor-section-height-default elementor-section-height-default\" data-id=\"3713bc20\" data-element_type=\"section\" data-e-type=\"section\">\n\t\t\t\t\t\t<div class=\"elementor-container elementor-column-gap-default\">\n\t\t\t\t\t<div class=\"elementor-column elementor-col-100 elementor-top-column elementor-element elementor-element-44cb5584\" data-id=\"44cb5584\" data-element_type=\"column\" data-e-type=\"column\">\n\t\t\t<div class=\"elementor-widget-wrap elementor-element-populated\">\n\t\t\t\t\t\t<div class=\"elementor-element elementor-element-3ae4b29 elementor-widget elementor-widget-heading\" data-id=\"3ae4b29\" data-element_type=\"widget\" data-e-type=\"widget\" data-widget_type=\"heading.default\">\n\t\t\t\t<div class=\"elementor-widget-container\">\n\t\t\t\t\t<h2 class=\"elementor-heading-title elementor-size-default\">Algunas de nuestras soluciones:<\/h2>\t\t\t\t<\/div>\n\t\t\t\t<\/div>\n\t\t\t\t<div class=\"elementor-element elementor-element-19009e80 elementor-widget elementor-widget-toggle\" data-id=\"19009e80\" data-element_type=\"widget\" data-e-type=\"widget\" data-widget_type=\"toggle.default\">\n\t\t\t\t<div class=\"elementor-widget-container\">\n\t\t\t\t\t\t\t<div class=\"elementor-toggle\">\n\t\t\t\t\t\t\t<div class=\"elementor-toggle-item\">\n\t\t\t\t\t<div id=\"elementor-tab-title-4191\" class=\"elementor-tab-title\" data-tab=\"1\" role=\"button\" aria-controls=\"elementor-tab-content-4191\" aria-expanded=\"false\">\n\t\t\t\t\t\t\t\t\t\t\t\t<span class=\"elementor-toggle-icon elementor-toggle-icon-right\" aria-hidden=\"true\">\n\t\t\t\t\t\t\t\t\t\t\t\t\t\t\t<span class=\"elementor-toggle-icon-closed\"><i class=\"fas fa-chevron-down\"><\/i><\/span>\n\t\t\t\t\t\t\t\t<span class=\"elementor-toggle-icon-opened\"><i class=\"elementor-toggle-icon-opened fas fa-caret-up\"><\/i><\/span>\n\t\t\t\t\t\t\t\t\t\t\t\t\t<\/span>\n\t\t\t\t\t\t\t\t\t\t\t\t<a class=\"elementor-toggle-title\" tabindex=\"0\">Transformaci\u00f3n TI<\/a>\n\t\t\t\t\t<\/div>\n\n\t\t\t\t\t<div id=\"elementor-tab-content-4191\" class=\"elementor-tab-content elementor-clearfix\" data-tab=\"1\" role=\"region\" aria-labelledby=\"elementor-tab-title-4191\"><p class=\"p1\"><span class=\"s1\">Nuestro servicio de consultor\u00eda analiza el escenario actual del \u00e1rea de TI y su alineamiento con los objetivos estrat\u00e9gicos de la organizaci\u00f3n, donde se propone una hoja de ruta de transformaci\u00f3n.<\/span><\/p><p class=\"p1\"><span class=\"s1\">Nuestro objetivo es ser un aliado en las \u00e1reas de negocios de nuestros clientes y permitir la transformaci\u00f3n digital de tu empresa.<\/span><\/p><p class=\"p1\"><span class=\"s1\">La transformaci\u00f3n de TI tiene como beneficios: <\/span><\/p><p class=\"p1\"><span class=\"s1\">-La actualizaci\u00f3n del parque tecnol\u00f3gico<\/span><\/p><p class=\"p1\"><span class=\"s1\">-Evoluci\u00f3n del negocio<\/span><\/p><p class=\"p1\"><span class=\"s1\">-Inversiones inteligentes<\/span><\/p><p class=\"p1\"><span class=\"s1\">-Procesos agiles<\/span><\/p><p class=\"p1\"><span class=\"s1\">-Informes para toma decisiones.<\/span><\/p><\/div>\n\t\t\t\t<\/div>\n\t\t\t\t\t\t\t<div class=\"elementor-toggle-item\">\n\t\t\t\t\t<div id=\"elementor-tab-title-4192\" class=\"elementor-tab-title\" data-tab=\"2\" role=\"button\" aria-controls=\"elementor-tab-content-4192\" aria-expanded=\"false\">\n\t\t\t\t\t\t\t\t\t\t\t\t<span class=\"elementor-toggle-icon elementor-toggle-icon-right\" aria-hidden=\"true\">\n\t\t\t\t\t\t\t\t\t\t\t\t\t\t\t<span class=\"elementor-toggle-icon-closed\"><i class=\"fas fa-chevron-down\"><\/i><\/span>\n\t\t\t\t\t\t\t\t<span class=\"elementor-toggle-icon-opened\"><i class=\"elementor-toggle-icon-opened fas fa-caret-up\"><\/i><\/span>\n\t\t\t\t\t\t\t\t\t\t\t\t\t<\/span>\n\t\t\t\t\t\t\t\t\t\t\t\t<a class=\"elementor-toggle-title\" tabindex=\"0\">Estrategia digital<\/a>\n\t\t\t\t\t<\/div>\n\n\t\t\t\t\t<div id=\"elementor-tab-content-4192\" class=\"elementor-tab-content elementor-clearfix\" data-tab=\"2\" role=\"region\" aria-labelledby=\"elementor-tab-title-4192\"><p class=\"p2\"><span class=\"s1\">La estrategia digital est\u00e1 en nuestro alrededor y en todos los niveles de la sociedad. Las Organizaciones tambi\u00e9n est\u00e1n realizando este proceso, pero muchas empresas no est\u00e1n teniendo \u00e9xito, ya que muchas veces no saben por d\u00f3nde comenzar.<\/span><\/p><p class=\"p2\"><span class=\"s1\">Nuestro servicio innovador est\u00e1 basado en un marco s\u00f3lido, donde se alinean, el escenario actual, las brechas, las iniciativas y los objetivos estrat\u00e9gicos de las organizaciones.<\/span><\/p><p class=\"p1\">\u00a0<\/p><p class=\"p2\"><span class=\"s1\">Visto esto, proponemos una hoja de ruta asertiva y exitosa, hacia una visi\u00f3n centrada en el cliente con las habilidades y herramientas requeridas para responder a los cambios.<\/span><\/p><\/div>\n\t\t\t\t<\/div>\n\t\t\t\t\t\t\t\t<\/div>\n\t\t\t\t\t\t<\/div>\n\t\t\t\t<\/div>\n\t\t\t\t\t<\/div>\n\t\t<\/div>\n\t\t\t\t\t<\/div>\n\t\t<\/section>\n\t\t\t\t<section class=\"elementor-section elementor-top-section elementor-element elementor-element-23f692c4 elementor-section-height-min-height elementor-section-boxed elementor-section-height-default elementor-section-items-middle\" data-id=\"23f692c4\" data-element_type=\"section\" data-e-type=\"section\" data-settings=\"{&quot;background_background&quot;:&quot;classic&quot;}\">\n\t\t\t\t\t\t\t<div class=\"elementor-background-overlay\"><\/div>\n\t\t\t\t\t\t\t<div class=\"elementor-container elementor-column-gap-default\">\n\t\t\t\t\t<div class=\"elementor-column elementor-col-100 elementor-top-column elementor-element elementor-element-13abe76f\" data-id=\"13abe76f\" data-element_type=\"column\" data-e-type=\"column\">\n\t\t\t<div class=\"elementor-widget-wrap elementor-element-populated\">\n\t\t\t\t\t\t<div class=\"elementor-element elementor-element-34bf398c elementor-widget elementor-widget-text-editor\" data-id=\"34bf398c\" data-element_type=\"widget\" data-e-type=\"widget\" data-widget_type=\"text-editor.default\">\n\t\t\t\t<div class=\"elementor-widget-container\">\n\t\t\t\t\t\t\t\t\t<p class=\"p1\"><span class=\"s1\">Nuestra oferta incorpora varias etapas dise\u00f1adas para cerrar las brechas en todos los \u00e1mbitos y medir el desempe\u00f1o de la organizaci\u00f3n. Identificamos la mejor estrategia de transformaci\u00f3n, de acuerdo con la visi\u00f3n corporativa, el an\u00e1lisis de su situaci\u00f3n financiera y operacional.\u00a0\u00a0<\/span><\/p>\t\t\t\t\t\t\t\t<\/div>\n\t\t\t\t<\/div>\n\t\t\t\t\t<\/div>\n\t\t<\/div>\n\t\t\t\t\t<\/div>\n\t\t<\/section>\n\t\t\t\t<\/div>","protected":false},"excerpt":{"rendered":"<p>We Help You Our service is ideal for corporations and institutions that require new ways to improve their profitability, revenue, technology, administration and risk management. \u00a0 Some of us solutions IT Transformation Our consulting service analyzes the current scenario of the IT area and its alignment with the strategic objectives of the organization, where we [&hellip;]<\/p>\n","protected":false},"author":112,"featured_media":0,"parent":1827,"menu_order":0,"comment_status":"closed","ping_status":"closed","template":"","meta":{"footnotes":""},"class_list":["post-1891","page","type-page","status-publish","hentry"],"_links":{"self":[{"href":"https:\/\/www.now-softwarecorp.com\/es\/wp-json\/wp\/v2\/pages\/1891","targetHints":{"allow":["GET"]}}],"collection":[{"href":"https:\/\/www.now-softwarecorp.com\/es\/wp-json\/wp\/v2\/pages"}],"about":[{"href":"https:\/\/www.now-softwarecorp.com\/es\/wp-json\/wp\/v2\/types\/page"}],"author":[{"embeddable":true,"href":"https:\/\/www.now-softwarecorp.com\/es\/wp-json\/wp\/v2\/users\/112"}],"replies":[{"embeddable":true,"href":"https:\/\/www.now-softwarecorp.com\/es\/wp-json\/wp\/v2\/comments?post=1891"}],"version-history":[{"count":12,"href":"https:\/\/www.now-softwarecorp.com\/es\/wp-json\/wp\/v2\/pages\/1891\/revisions"}],"predecessor-version":[{"id":1926,"href":"https:\/\/www.now-softwarecorp.com\/es\/wp-json\/wp\/v2\/pages\/1891\/revisions\/1926"}],"up":[{"embeddable":true,"href":"https:\/\/www.now-softwarecorp.com\/es\/wp-json\/wp\/v2\/pages\/1827"}],"wp:attachment":[{"href":"https:\/\/www.now-softwarecorp.com\/es\/wp-json\/wp\/v2\/media?parent=1891"}],"curies":[{"name":"wp","href":"https:\/\/api.w.org\/{rel}","templated":true}]}}