{"id":1890,"date":"2021-09-26T13:02:11","date_gmt":"2021-09-26T19:02:11","guid":{"rendered":"https:\/\/www.now-softwarecorp.com\/?page_id=1890"},"modified":"2021-09-26T13:19:19","modified_gmt":"2021-09-26T19:19:19","slug":"analytics","status":"publish","type":"page","link":"https:\/\/www.now-softwarecorp.com\/es\/services\/analytics\/","title":{"rendered":"Anal\u00edtica"},"content":{"rendered":"<div data-elementor-type=\"wp-page\" data-elementor-id=\"1890\" class=\"elementor elementor-1890\" data-elementor-post-type=\"page\">\n\t\t\t\t\t\t<section class=\"elementor-section elementor-top-section elementor-element elementor-element-78af0522 elementor-section-full_width elementor-section-content-bottom elementor-section-height-default elementor-section-height-default\" data-id=\"78af0522\" data-element_type=\"section\" data-e-type=\"section\" data-settings=\"{&quot;background_background&quot;:&quot;classic&quot;}\">\n\t\t\t\t\t\t<div class=\"elementor-container elementor-column-gap-no\">\n\t\t\t\t\t<div class=\"elementor-column elementor-col-25 elementor-top-column elementor-element elementor-element-4e7facd6\" data-id=\"4e7facd6\" data-element_type=\"column\" data-e-type=\"column\" data-settings=\"{&quot;background_background&quot;:&quot;classic&quot;}\">\n\t\t\t<div class=\"elementor-widget-wrap elementor-element-populated\">\n\t\t\t\t\t\t<section class=\"elementor-section elementor-inner-section elementor-element elementor-element-5cdf76b9 elementor-section-boxed elementor-section-height-default elementor-section-height-default\" data-id=\"5cdf76b9\" data-element_type=\"section\" data-e-type=\"section\">\n\t\t\t\t\t\t<div class=\"elementor-container elementor-column-gap-no\">\n\t\t\t\t\t<div class=\"elementor-column elementor-col-100 elementor-inner-column elementor-element elementor-element-6d7c9902\" data-id=\"6d7c9902\" data-element_type=\"column\" data-e-type=\"column\">\n\t\t\t<div class=\"elementor-widget-wrap elementor-element-populated\">\n\t\t\t\t\t\t<div class=\"elementor-element elementor-element-77ef452f elementor-widget elementor-widget-image\" data-id=\"77ef452f\" data-element_type=\"widget\" data-e-type=\"widget\" data-widget_type=\"image.default\">\n\t\t\t\t<div class=\"elementor-widget-container\">\n\t\t\t\t\t\t\t\t\t\t\t\t\t\t\t<img fetchpriority=\"high\" decoding=\"async\" width=\"800\" height=\"708\" src=\"https:\/\/www.now-softwarecorp.com\/wp-content\/uploads\/2021\/09\/analytics.jpg\" class=\"attachment-large size-large wp-image-1913\" alt=\"\" srcset=\"https:\/\/www.now-softwarecorp.com\/wp-content\/uploads\/2021\/09\/analytics.jpg 960w, https:\/\/www.now-softwarecorp.com\/wp-content\/uploads\/2021\/09\/analytics-300x266.jpg 300w, https:\/\/www.now-softwarecorp.com\/wp-content\/uploads\/2021\/09\/analytics-768x680.jpg 768w, https:\/\/www.now-softwarecorp.com\/wp-content\/uploads\/2021\/09\/analytics-14x12.jpg 14w\" sizes=\"(max-width: 800px) 100vw, 800px\" \/>\t\t\t\t\t\t\t\t\t\t\t\t\t\t\t<\/div>\n\t\t\t\t<\/div>\n\t\t\t\t\t<\/div>\n\t\t<\/div>\n\t\t\t\t\t<\/div>\n\t\t<\/section>\n\t\t\t\t\t<\/div>\n\t\t<\/div>\n\t\t\t\t<div class=\"elementor-column elementor-col-25 elementor-top-column elementor-element elementor-element-6a7120a8\" data-id=\"6a7120a8\" data-element_type=\"column\" data-e-type=\"column\">\n\t\t\t<div class=\"elementor-widget-wrap elementor-element-populated\">\n\t\t\t\t\t\t<div class=\"elementor-element elementor-element-7aa5f61f elementor-widget elementor-widget-spacer\" data-id=\"7aa5f61f\" data-element_type=\"widget\" data-e-type=\"widget\" data-widget_type=\"spacer.default\">\n\t\t\t\t<div class=\"elementor-widget-container\">\n\t\t\t\t\t\t\t<div class=\"elementor-spacer\">\n\t\t\t<div class=\"elementor-spacer-inner\"><\/div>\n\t\t<\/div>\n\t\t\t\t\t\t<\/div>\n\t\t\t\t<\/div>\n\t\t\t\t\t<\/div>\n\t\t<\/div>\n\t\t\t\t<div class=\"elementor-column elementor-col-25 elementor-top-column elementor-element elementor-element-43aedf75\" data-id=\"43aedf75\" data-element_type=\"column\" data-e-type=\"column\" data-settings=\"{&quot;background_background&quot;:&quot;classic&quot;}\">\n\t\t\t<div class=\"elementor-widget-wrap elementor-element-populated\">\n\t\t\t\t\t\t<div class=\"elementor-element elementor-element-2f10fd74 elementor-widget elementor-widget-heading\" data-id=\"2f10fd74\" data-element_type=\"widget\" data-e-type=\"widget\" data-widget_type=\"heading.default\">\n\t\t\t\t<div class=\"elementor-widget-container\">\n\t\t\t\t\t<h6 class=\"elementor-heading-title elementor-size-default\">Nosotros te ayudamos <\/h6>\t\t\t\t<\/div>\n\t\t\t\t<\/div>\n\t\t\t\t<div class=\"elementor-element elementor-element-12a95674 elementor-widget elementor-widget-heading\" data-id=\"12a95674\" data-element_type=\"widget\" data-e-type=\"widget\" data-widget_type=\"heading.default\">\n\t\t\t\t<div class=\"elementor-widget-container\">\n\t\t\t\t\t<h2 class=\"elementor-heading-title elementor-size-default\">Anal\u00edtica<\/h2>\t\t\t\t<\/div>\n\t\t\t\t<\/div>\n\t\t\t\t<div class=\"elementor-element elementor-element-79fcad21 elementor-widget elementor-widget-text-editor\" data-id=\"79fcad21\" data-element_type=\"widget\" data-e-type=\"widget\" data-widget_type=\"text-editor.default\">\n\t\t\t\t<div class=\"elementor-widget-container\">\n\t\t\t\t\t\t\t\t\t<p class=\"p1\"><span class=\"s1\">Las soluciones de Big Data y Analytics de Now Software Development permiten analizar, mostrar y analizar grandes vol\u00famenes de datos heterog\u00e9neos provenientes de m\u00faltiples fuentes, permitiendo su correlaci\u00f3n, mejorando la toma de decisiones del negocio.<\/span><\/p><p class=\"p1\"><span class=\"s1\">Todo proceso de transformaci\u00f3n digital comienza cuando las organizaciones son capaces de organizar la informaci\u00f3n y ejecutar anal\u00edtica sobre la mayor cantidad de datos relevantes para su negocio.<\/span><\/p><p class=\"p1\">\u00a0<\/p>\t\t\t\t\t\t\t\t<\/div>\n\t\t\t\t<\/div>\n\t\t\t\t\t<\/div>\n\t\t<\/div>\n\t\t\t\t<div class=\"elementor-column elementor-col-25 elementor-top-column elementor-element elementor-element-6386326e\" data-id=\"6386326e\" data-element_type=\"column\" data-e-type=\"column\">\n\t\t\t<div class=\"elementor-widget-wrap elementor-element-populated\">\n\t\t\t\t\t\t<div class=\"elementor-element elementor-element-4fede7f elementor-widget elementor-widget-spacer\" data-id=\"4fede7f\" data-element_type=\"widget\" data-e-type=\"widget\" data-widget_type=\"spacer.default\">\n\t\t\t\t<div class=\"elementor-widget-container\">\n\t\t\t\t\t\t\t<div class=\"elementor-spacer\">\n\t\t\t<div class=\"elementor-spacer-inner\"><\/div>\n\t\t<\/div>\n\t\t\t\t\t\t<\/div>\n\t\t\t\t<\/div>\n\t\t\t\t\t<\/div>\n\t\t<\/div>\n\t\t\t\t\t<\/div>\n\t\t<\/section>\n\t\t\t\t<section class=\"elementor-section elementor-top-section elementor-element elementor-element-5c725d41 elementor-hidden-mobile elementor-section-boxed elementor-section-height-default elementor-section-height-default\" data-id=\"5c725d41\" data-element_type=\"section\" data-e-type=\"section\">\n\t\t\t\t\t\t<div class=\"elementor-container elementor-column-gap-no\">\n\t\t\t\t\t<div class=\"elementor-column elementor-col-50 elementor-top-column elementor-element elementor-element-784b1e27\" data-id=\"784b1e27\" data-element_type=\"column\" data-e-type=\"column\">\n\t\t\t<div class=\"elementor-widget-wrap elementor-element-populated\">\n\t\t\t\t\t\t<div class=\"elementor-element elementor-element-5880212c elementor-widget elementor-widget-spacer\" data-id=\"5880212c\" data-element_type=\"widget\" data-e-type=\"widget\" data-widget_type=\"spacer.default\">\n\t\t\t\t<div class=\"elementor-widget-container\">\n\t\t\t\t\t\t\t<div class=\"elementor-spacer\">\n\t\t\t<div class=\"elementor-spacer-inner\"><\/div>\n\t\t<\/div>\n\t\t\t\t\t\t<\/div>\n\t\t\t\t<\/div>\n\t\t\t\t\t<\/div>\n\t\t<\/div>\n\t\t\t\t<div class=\"elementor-column elementor-col-50 elementor-top-column elementor-element elementor-element-3b80a4de\" data-id=\"3b80a4de\" data-element_type=\"column\" data-e-type=\"column\">\n\t\t\t<div class=\"elementor-widget-wrap\">\n\t\t\t\t\t\t\t<\/div>\n\t\t<\/div>\n\t\t\t\t\t<\/div>\n\t\t<\/section>\n\t\t\t\t<section class=\"elementor-section elementor-top-section elementor-element elementor-element-6f745dde elementor-section-boxed elementor-section-height-default elementor-section-height-default\" data-id=\"6f745dde\" data-element_type=\"section\" data-e-type=\"section\">\n\t\t\t\t\t\t<div class=\"elementor-container elementor-column-gap-default\">\n\t\t\t\t\t<div class=\"elementor-column elementor-col-100 elementor-top-column elementor-element elementor-element-7a9b213f\" data-id=\"7a9b213f\" data-element_type=\"column\" data-e-type=\"column\">\n\t\t\t<div class=\"elementor-widget-wrap elementor-element-populated\">\n\t\t\t\t\t\t<div class=\"elementor-element elementor-element-1fbedb10 elementor-widget elementor-widget-heading\" data-id=\"1fbedb10\" data-element_type=\"widget\" data-e-type=\"widget\" data-widget_type=\"heading.default\">\n\t\t\t\t<div class=\"elementor-widget-container\">\n\t\t\t\t\t<h2 class=\"elementor-heading-title elementor-size-default\">Algunas de nuestras soluciones:<\/h2>\t\t\t\t<\/div>\n\t\t\t\t<\/div>\n\t\t\t\t<div class=\"elementor-element elementor-element-254349f4 elementor-widget elementor-widget-toggle\" data-id=\"254349f4\" data-element_type=\"widget\" data-e-type=\"widget\" data-widget_type=\"toggle.default\">\n\t\t\t\t<div class=\"elementor-widget-container\">\n\t\t\t\t\t\t\t<div class=\"elementor-toggle\">\n\t\t\t\t\t\t\t<div class=\"elementor-toggle-item\">\n\t\t\t\t\t<div id=\"elementor-tab-title-6251\" class=\"elementor-tab-title\" data-tab=\"1\" role=\"button\" aria-controls=\"elementor-tab-content-6251\" aria-expanded=\"false\">\n\t\t\t\t\t\t\t\t\t\t\t\t<span class=\"elementor-toggle-icon elementor-toggle-icon-right\" aria-hidden=\"true\">\n\t\t\t\t\t\t\t\t\t\t\t\t\t\t\t<span class=\"elementor-toggle-icon-closed\"><i class=\"fas fa-chevron-down\"><\/i><\/span>\n\t\t\t\t\t\t\t\t<span class=\"elementor-toggle-icon-opened\"><i class=\"elementor-toggle-icon-opened fas fa-caret-up\"><\/i><\/span>\n\t\t\t\t\t\t\t\t\t\t\t\t\t<\/span>\n\t\t\t\t\t\t\t\t\t\t\t\t<a class=\"elementor-toggle-title\" tabindex=\"0\">Gesti\u00f3n de riesgos<\/a>\n\t\t\t\t\t<\/div>\n\n\t\t\t\t\t<div id=\"elementor-tab-content-6251\" class=\"elementor-tab-content elementor-clearfix\" data-tab=\"1\" role=\"region\" aria-labelledby=\"elementor-tab-title-6251\"><p class=\"p1\"><span class=\"s1\">La soluci\u00f3n en gesti\u00f3n de riesgos aporta metodolog\u00eda, inteligencia y pr\u00e1cticas que colaboran con el establecimiento de una cultura capacitada en la gesti\u00f3n de riesgos, optimizaci\u00f3n de capital\/liquidez, y atenci\u00f3n de las demandas de regulaci\u00f3n. Lo cual logra garantizar una mayor eficiencia y transparencia al momento de dejar el an\u00e1lisis de riesgos en las manos de profesionales. <\/span><\/p><p class=\"p1\"><span class=\"s1\">Con estas iniciativas logramos dar un equilibrio adecuado entre las estrategias de corto y largo plazo, abordando los requisitos reglamentarios y controles de cambio aplicables.<\/span><\/p><p class=\"p1\"><span class=\"s1\">Las grandes ventajas de la gesti\u00f3n de riesgos son: <\/span><\/p><p class=\"p1\"><span class=\"s1\">-La visi\u00f3n general de toda la empresa seg\u00fan su perfil <\/span><\/p><p class=\"p1\"><span class=\"s1\">-El estado de control interno para la toma de decisiones precisas con informaci\u00f3n oportuna y creaci\u00f3n de una plataforma consolidada de datos.<\/span><\/p><\/div>\n\t\t\t\t<\/div>\n\t\t\t\t\t\t\t<div class=\"elementor-toggle-item\">\n\t\t\t\t\t<div id=\"elementor-tab-title-6252\" class=\"elementor-tab-title\" data-tab=\"2\" role=\"button\" aria-controls=\"elementor-tab-content-6252\" aria-expanded=\"false\">\n\t\t\t\t\t\t\t\t\t\t\t\t<span class=\"elementor-toggle-icon elementor-toggle-icon-right\" aria-hidden=\"true\">\n\t\t\t\t\t\t\t\t\t\t\t\t\t\t\t<span class=\"elementor-toggle-icon-closed\"><i class=\"fas fa-chevron-down\"><\/i><\/span>\n\t\t\t\t\t\t\t\t<span class=\"elementor-toggle-icon-opened\"><i class=\"elementor-toggle-icon-opened fas fa-caret-up\"><\/i><\/span>\n\t\t\t\t\t\t\t\t\t\t\t\t\t<\/span>\n\t\t\t\t\t\t\t\t\t\t\t\t<a class=\"elementor-toggle-title\" tabindex=\"0\">Analytical Reporting<\/a>\n\t\t\t\t\t<\/div>\n\n\t\t\t\t\t<div id=\"elementor-tab-content-6252\" class=\"elementor-tab-content elementor-clearfix\" data-tab=\"2\" role=\"region\" aria-labelledby=\"elementor-tab-title-6252\"><p class=\"p1\"><span class=\"s1\">Entr\u00e9gale a tu negocio una estrategia de gesti\u00f3n y gobierno de datos, brindando herramientas de visualizaci\u00f3n que permitan gestionar y monitorear de mejor manera los procesos claves de tu negocio, d\u00e1ndole mayor visibilidad a los tomadores de decisiones de los KPI\u2019s cr\u00edticos.<\/span><\/p><p class=\"p1\"><span class=\"s1\">Esta soluci\u00f3n es ideal para clientes que requieren implementar una estrategia de manejo de datos, o no cuenten con informaci\u00f3n para la toma de decisiones, o que necesiten fuentes de datos confiables e integrados o requieran implementar una cultura que promueva la experimentaci\u00f3n, el an\u00e1lisis basado en datos y el aprendizaje continuo.<\/span><\/p><p class=\"p1\"><span class=\"s1\">Parte de los beneficios son:<\/span><\/p><p class=\"p1\"><span class=\"s1\">-Transparencia de la informaci\u00f3n<\/span><\/p><p class=\"p1\"><span class=\"s1\">-Informes cruzados y centralizados<\/span><\/p><p class=\"p1\"><span class=\"s1\">-Entregables alineados a los objetivos del negocio.<\/span><\/p><\/div>\n\t\t\t\t<\/div>\n\t\t\t\t\t\t\t<div class=\"elementor-toggle-item\">\n\t\t\t\t\t<div id=\"elementor-tab-title-6253\" class=\"elementor-tab-title\" data-tab=\"3\" role=\"button\" aria-controls=\"elementor-tab-content-6253\" aria-expanded=\"false\">\n\t\t\t\t\t\t\t\t\t\t\t\t<span class=\"elementor-toggle-icon elementor-toggle-icon-right\" aria-hidden=\"true\">\n\t\t\t\t\t\t\t\t\t\t\t\t\t\t\t<span class=\"elementor-toggle-icon-closed\"><i class=\"fas fa-chevron-down\"><\/i><\/span>\n\t\t\t\t\t\t\t\t<span class=\"elementor-toggle-icon-opened\"><i class=\"elementor-toggle-icon-opened fas fa-caret-up\"><\/i><\/span>\n\t\t\t\t\t\t\t\t\t\t\t\t\t<\/span>\n\t\t\t\t\t\t\t\t\t\t\t\t<a class=\"elementor-toggle-title\" tabindex=\"0\">Big data<\/a>\n\t\t\t\t\t<\/div>\n\n\t\t\t\t\t<div id=\"elementor-tab-content-6253\" class=\"elementor-tab-content elementor-clearfix\" data-tab=\"3\" role=\"region\" aria-labelledby=\"elementor-tab-title-6253\"><p class=\"p1\"><span class=\"s1\">Nuestro servicio de Big Data consiste en la extracci\u00f3n de datos de m\u00faltiples fuentes para luego ser filtrados, estructurados y clasificados. Permitiendo as\u00ed, generar la informaci\u00f3n para el an\u00e1lisis, el modelado y la correlaci\u00f3n de estos, de manera que sus resultados permitan la toma de decisiones \u00fatiles para el negocio.<\/span><\/p><p class=\"p1\"><span class=\"s1\">El servicio de Big data contiene una cantidad de variables asociadas como, agilizar consultas, evaluar riesgos, mitigar perdidas, aumentar predictibilidad, digitalizar negocios, repositorios de backups, entre otros.<\/span><\/p><p class=\"p1\"><span class=\"s1\">Algunos beneficios que ofrece nuestra soluci\u00f3n son: <\/span><\/p><p class=\"p1\"><span class=\"s1\">-Optimizar la toma de decisiones<\/span><\/p><p class=\"p1\"><span class=\"s1\">-Modelar el negocio y los productos<\/span><\/p><p class=\"p1\"><span class=\"s1\">-Detectar necesidades y mejoras<\/span><\/p><p class=\"p1\"><span class=\"s1\">-Dar respuesta oportuna a problemas complejos.<\/span><\/p><\/div>\n\t\t\t\t<\/div>\n\t\t\t\t\t\t\t\t<\/div>\n\t\t\t\t\t\t<\/div>\n\t\t\t\t<\/div>\n\t\t\t\t\t<\/div>\n\t\t<\/div>\n\t\t\t\t\t<\/div>\n\t\t<\/section>\n\t\t\t\t<section class=\"elementor-section elementor-top-section elementor-element elementor-element-ec8b94c elementor-section-height-min-height elementor-section-boxed elementor-section-height-default elementor-section-items-middle\" data-id=\"ec8b94c\" data-element_type=\"section\" data-e-type=\"section\" data-settings=\"{&quot;background_background&quot;:&quot;classic&quot;}\">\n\t\t\t\t\t\t\t<div class=\"elementor-background-overlay\"><\/div>\n\t\t\t\t\t\t\t<div class=\"elementor-container elementor-column-gap-default\">\n\t\t\t\t\t<div class=\"elementor-column elementor-col-100 elementor-top-column elementor-element elementor-element-3e1716b\" data-id=\"3e1716b\" data-element_type=\"column\" data-e-type=\"column\">\n\t\t\t<div class=\"elementor-widget-wrap elementor-element-populated\">\n\t\t\t\t\t\t<div class=\"elementor-element elementor-element-773783ed elementor-widget elementor-widget-text-editor\" data-id=\"773783ed\" data-element_type=\"widget\" data-e-type=\"widget\" data-widget_type=\"text-editor.default\">\n\t\t\t\t<div class=\"elementor-widget-container\">\n\t\t\t\t\t\t\t\t\t<p class=\"p1\"><span class=\"s1\">En Now Software Development somos capaces de orientar e implementar, de la mano nuestros clientes, soluciones eficientes con el uso intensivo de herramientas de anal\u00edtica y big data, poniendo especial \u00e9nfasis en el proceso de captura y organizaci\u00f3n de los datos y satisfaciendo los exigentes desaf\u00edos que la revoluci\u00f3n digital impone a los distintos mercados, haci\u00e9ndolos competitivos, \u00e1giles y eficientes.<\/span><\/p>\t\t\t\t\t\t\t\t<\/div>\n\t\t\t\t<\/div>\n\t\t\t\t\t<\/div>\n\t\t<\/div>\n\t\t\t\t\t<\/div>\n\t\t<\/section>\n\t\t\t\t<\/div>","protected":false},"excerpt":{"rendered":"<p>We Help You Now Software Development&#8217;s Big Data and Analytics solutions allow to analyze, display and analyze large volumes of heterogeneous data from multiple sources, allowing their correlation, improving business decision making. Any digital transformation process begins when organizations are able to organize information and run analytics on the largest amount of data relevant to [&hellip;]<\/p>\n","protected":false},"author":112,"featured_media":0,"parent":1827,"menu_order":0,"comment_status":"closed","ping_status":"closed","template":"","meta":{"footnotes":""},"class_list":["post-1890","page","type-page","status-publish","hentry"],"_links":{"self":[{"href":"https:\/\/www.now-softwarecorp.com\/es\/wp-json\/wp\/v2\/pages\/1890","targetHints":{"allow":["GET"]}}],"collection":[{"href":"https:\/\/www.now-softwarecorp.com\/es\/wp-json\/wp\/v2\/pages"}],"about":[{"href":"https:\/\/www.now-softwarecorp.com\/es\/wp-json\/wp\/v2\/types\/page"}],"author":[{"embeddable":true,"href":"https:\/\/www.now-softwarecorp.com\/es\/wp-json\/wp\/v2\/users\/112"}],"replies":[{"embeddable":true,"href":"https:\/\/www.now-softwarecorp.com\/es\/wp-json\/wp\/v2\/comments?post=1890"}],"version-history":[{"count":12,"href":"https:\/\/www.now-softwarecorp.com\/es\/wp-json\/wp\/v2\/pages\/1890\/revisions"}],"predecessor-version":[{"id":1929,"href":"https:\/\/www.now-softwarecorp.com\/es\/wp-json\/wp\/v2\/pages\/1890\/revisions\/1929"}],"up":[{"embeddable":true,"href":"https:\/\/www.now-softwarecorp.com\/es\/wp-json\/wp\/v2\/pages\/1827"}],"wp:attachment":[{"href":"https:\/\/www.now-softwarecorp.com\/es\/wp-json\/wp\/v2\/media?parent=1890"}],"curies":[{"name":"wp","href":"https:\/\/api.w.org\/{rel}","templated":true}]}}