{"id":1889,"date":"2021-09-26T13:01:54","date_gmt":"2021-09-26T19:01:54","guid":{"rendered":"https:\/\/www.now-softwarecorp.com\/?page_id=1889"},"modified":"2021-09-26T13:19:34","modified_gmt":"2021-09-26T19:19:34","slug":"end-user-services","status":"publish","type":"page","link":"https:\/\/www.now-softwarecorp.com\/es\/services\/end-user-services\/","title":{"rendered":"Servicios de usuario final"},"content":{"rendered":"<div data-elementor-type=\"wp-page\" data-elementor-id=\"1889\" class=\"elementor elementor-1889\" data-elementor-post-type=\"page\">\n\t\t\t\t\t\t<section class=\"elementor-section elementor-top-section elementor-element elementor-element-44282273 elementor-section-full_width elementor-section-content-bottom elementor-section-height-default elementor-section-height-default\" data-id=\"44282273\" data-element_type=\"section\" data-e-type=\"section\" data-settings=\"{&quot;background_background&quot;:&quot;classic&quot;}\">\n\t\t\t\t\t\t<div class=\"elementor-container elementor-column-gap-no\">\n\t\t\t\t\t<div class=\"elementor-column elementor-col-25 elementor-top-column elementor-element elementor-element-5b73d66a\" data-id=\"5b73d66a\" data-element_type=\"column\" data-e-type=\"column\" data-settings=\"{&quot;background_background&quot;:&quot;classic&quot;}\">\n\t\t\t<div class=\"elementor-widget-wrap elementor-element-populated\">\n\t\t\t\t\t\t<section class=\"elementor-section elementor-inner-section elementor-element elementor-element-1fbb9859 elementor-section-boxed elementor-section-height-default elementor-section-height-default\" data-id=\"1fbb9859\" data-element_type=\"section\" data-e-type=\"section\">\n\t\t\t\t\t\t<div class=\"elementor-container elementor-column-gap-no\">\n\t\t\t\t\t<div class=\"elementor-column elementor-col-100 elementor-inner-column elementor-element elementor-element-304f76b7\" data-id=\"304f76b7\" data-element_type=\"column\" data-e-type=\"column\">\n\t\t\t<div class=\"elementor-widget-wrap elementor-element-populated\">\n\t\t\t\t\t\t<div class=\"elementor-element elementor-element-bf54e6a elementor-widget elementor-widget-image\" data-id=\"bf54e6a\" data-element_type=\"widget\" data-e-type=\"widget\" data-widget_type=\"image.default\">\n\t\t\t\t<div class=\"elementor-widget-container\">\n\t\t\t\t\t\t\t\t\t\t\t\t\t\t\t<img fetchpriority=\"high\" decoding=\"async\" width=\"800\" height=\"708\" src=\"https:\/\/www.now-softwarecorp.com\/wp-content\/uploads\/2021\/09\/enuser.jpg\" class=\"attachment-large size-large wp-image-1914\" alt=\"\" srcset=\"https:\/\/www.now-softwarecorp.com\/wp-content\/uploads\/2021\/09\/enuser.jpg 960w, https:\/\/www.now-softwarecorp.com\/wp-content\/uploads\/2021\/09\/enuser-300x266.jpg 300w, https:\/\/www.now-softwarecorp.com\/wp-content\/uploads\/2021\/09\/enuser-768x680.jpg 768w, https:\/\/www.now-softwarecorp.com\/wp-content\/uploads\/2021\/09\/enuser-14x12.jpg 14w\" sizes=\"(max-width: 800px) 100vw, 800px\" \/>\t\t\t\t\t\t\t\t\t\t\t\t\t\t\t<\/div>\n\t\t\t\t<\/div>\n\t\t\t\t\t<\/div>\n\t\t<\/div>\n\t\t\t\t\t<\/div>\n\t\t<\/section>\n\t\t\t\t\t<\/div>\n\t\t<\/div>\n\t\t\t\t<div class=\"elementor-column elementor-col-25 elementor-top-column elementor-element elementor-element-7b8f1925\" data-id=\"7b8f1925\" data-element_type=\"column\" data-e-type=\"column\">\n\t\t\t<div class=\"elementor-widget-wrap elementor-element-populated\">\n\t\t\t\t\t\t<div class=\"elementor-element elementor-element-4d43ca0 elementor-widget elementor-widget-spacer\" data-id=\"4d43ca0\" data-element_type=\"widget\" data-e-type=\"widget\" data-widget_type=\"spacer.default\">\n\t\t\t\t<div class=\"elementor-widget-container\">\n\t\t\t\t\t\t\t<div class=\"elementor-spacer\">\n\t\t\t<div class=\"elementor-spacer-inner\"><\/div>\n\t\t<\/div>\n\t\t\t\t\t\t<\/div>\n\t\t\t\t<\/div>\n\t\t\t\t\t<\/div>\n\t\t<\/div>\n\t\t\t\t<div class=\"elementor-column elementor-col-25 elementor-top-column elementor-element elementor-element-46d56aca\" data-id=\"46d56aca\" data-element_type=\"column\" data-e-type=\"column\" data-settings=\"{&quot;background_background&quot;:&quot;classic&quot;}\">\n\t\t\t<div class=\"elementor-widget-wrap elementor-element-populated\">\n\t\t\t\t\t\t<div class=\"elementor-element elementor-element-7f5ed795 elementor-widget elementor-widget-heading\" data-id=\"7f5ed795\" data-element_type=\"widget\" data-e-type=\"widget\" data-widget_type=\"heading.default\">\n\t\t\t\t<div class=\"elementor-widget-container\">\n\t\t\t\t\t<h6 class=\"elementor-heading-title elementor-size-default\">Nosotros te ayudamos <\/h6>\t\t\t\t<\/div>\n\t\t\t\t<\/div>\n\t\t\t\t<div class=\"elementor-element elementor-element-63fc176b elementor-widget elementor-widget-heading\" data-id=\"63fc176b\" data-element_type=\"widget\" data-e-type=\"widget\" data-widget_type=\"heading.default\">\n\t\t\t\t<div class=\"elementor-widget-container\">\n\t\t\t\t\t<h2 class=\"elementor-heading-title elementor-size-default\">Servicios de usuario final<\/h2>\t\t\t\t<\/div>\n\t\t\t\t<\/div>\n\t\t\t\t<div class=\"elementor-element elementor-element-4cbcad46 elementor-widget elementor-widget-text-editor\" data-id=\"4cbcad46\" data-element_type=\"widget\" data-e-type=\"widget\" data-widget_type=\"text-editor.default\">\n\t\t\t\t<div class=\"elementor-widget-container\">\n\t\t\t\t\t\t\t\t\t<p class=\"p1\"><span class=\"s1\">Nuestros servicios de soporte incluyen, desde el soporte en sitio hasta el Service Desk inteligente, utilizando las mejores pr\u00e1cticas para mejorar la eficiencia de los procesos, logrando as\u00ed, optimizar la productividad de las empresas y apoyando el control sobre su infraestructura, valor agregado para tu negocio.<\/span><\/p>\t\t\t\t\t\t\t\t<\/div>\n\t\t\t\t<\/div>\n\t\t\t\t\t<\/div>\n\t\t<\/div>\n\t\t\t\t<div class=\"elementor-column elementor-col-25 elementor-top-column elementor-element elementor-element-5348adc5\" data-id=\"5348adc5\" data-element_type=\"column\" data-e-type=\"column\">\n\t\t\t<div class=\"elementor-widget-wrap elementor-element-populated\">\n\t\t\t\t\t\t<div class=\"elementor-element elementor-element-7682d20d elementor-widget elementor-widget-spacer\" data-id=\"7682d20d\" data-element_type=\"widget\" data-e-type=\"widget\" data-widget_type=\"spacer.default\">\n\t\t\t\t<div class=\"elementor-widget-container\">\n\t\t\t\t\t\t\t<div class=\"elementor-spacer\">\n\t\t\t<div class=\"elementor-spacer-inner\"><\/div>\n\t\t<\/div>\n\t\t\t\t\t\t<\/div>\n\t\t\t\t<\/div>\n\t\t\t\t\t<\/div>\n\t\t<\/div>\n\t\t\t\t\t<\/div>\n\t\t<\/section>\n\t\t\t\t<section class=\"elementor-section elementor-top-section elementor-element elementor-element-7aafea95 elementor-hidden-mobile elementor-section-boxed elementor-section-height-default elementor-section-height-default\" data-id=\"7aafea95\" data-element_type=\"section\" data-e-type=\"section\">\n\t\t\t\t\t\t<div class=\"elementor-container elementor-column-gap-no\">\n\t\t\t\t\t<div class=\"elementor-column elementor-col-50 elementor-top-column elementor-element elementor-element-1dc41c77\" data-id=\"1dc41c77\" data-element_type=\"column\" data-e-type=\"column\">\n\t\t\t<div class=\"elementor-widget-wrap elementor-element-populated\">\n\t\t\t\t\t\t<div class=\"elementor-element elementor-element-57f93e5b elementor-widget elementor-widget-spacer\" data-id=\"57f93e5b\" data-element_type=\"widget\" data-e-type=\"widget\" data-widget_type=\"spacer.default\">\n\t\t\t\t<div class=\"elementor-widget-container\">\n\t\t\t\t\t\t\t<div class=\"elementor-spacer\">\n\t\t\t<div class=\"elementor-spacer-inner\"><\/div>\n\t\t<\/div>\n\t\t\t\t\t\t<\/div>\n\t\t\t\t<\/div>\n\t\t\t\t\t<\/div>\n\t\t<\/div>\n\t\t\t\t<div class=\"elementor-column elementor-col-50 elementor-top-column elementor-element elementor-element-75a207f9\" data-id=\"75a207f9\" data-element_type=\"column\" data-e-type=\"column\">\n\t\t\t<div class=\"elementor-widget-wrap\">\n\t\t\t\t\t\t\t<\/div>\n\t\t<\/div>\n\t\t\t\t\t<\/div>\n\t\t<\/section>\n\t\t\t\t<section class=\"elementor-section elementor-top-section elementor-element elementor-element-666fe8d1 elementor-section-boxed elementor-section-height-default elementor-section-height-default\" data-id=\"666fe8d1\" data-element_type=\"section\" data-e-type=\"section\">\n\t\t\t\t\t\t<div class=\"elementor-container elementor-column-gap-default\">\n\t\t\t\t\t<div class=\"elementor-column elementor-col-100 elementor-top-column elementor-element elementor-element-73e4e453\" data-id=\"73e4e453\" data-element_type=\"column\" data-e-type=\"column\">\n\t\t\t<div class=\"elementor-widget-wrap elementor-element-populated\">\n\t\t\t\t\t\t<div class=\"elementor-element elementor-element-4f86d869 elementor-widget elementor-widget-heading\" data-id=\"4f86d869\" data-element_type=\"widget\" data-e-type=\"widget\" data-widget_type=\"heading.default\">\n\t\t\t\t<div class=\"elementor-widget-container\">\n\t\t\t\t\t<h2 class=\"elementor-heading-title elementor-size-default\">Algunas de nuestras soluciones:<\/h2>\t\t\t\t<\/div>\n\t\t\t\t<\/div>\n\t\t\t\t<div class=\"elementor-element elementor-element-221dfd0 elementor-widget elementor-widget-toggle\" data-id=\"221dfd0\" data-element_type=\"widget\" data-e-type=\"widget\" data-widget_type=\"toggle.default\">\n\t\t\t\t<div class=\"elementor-widget-container\">\n\t\t\t\t\t\t\t<div class=\"elementor-toggle\">\n\t\t\t\t\t\t\t<div class=\"elementor-toggle-item\">\n\t\t\t\t\t<div id=\"elementor-tab-title-3571\" class=\"elementor-tab-title\" data-tab=\"1\" role=\"button\" aria-controls=\"elementor-tab-content-3571\" aria-expanded=\"false\">\n\t\t\t\t\t\t\t\t\t\t\t\t<span class=\"elementor-toggle-icon elementor-toggle-icon-right\" aria-hidden=\"true\">\n\t\t\t\t\t\t\t\t\t\t\t\t\t\t\t<span class=\"elementor-toggle-icon-closed\"><i class=\"fas fa-chevron-down\"><\/i><\/span>\n\t\t\t\t\t\t\t\t<span class=\"elementor-toggle-icon-opened\"><i class=\"elementor-toggle-icon-opened fas fa-caret-up\"><\/i><\/span>\n\t\t\t\t\t\t\t\t\t\t\t\t\t<\/span>\n\t\t\t\t\t\t\t\t\t\t\t\t<a class=\"elementor-toggle-title\" tabindex=\"0\">Field Services<\/a>\n\t\t\t\t\t<\/div>\n\n\t\t\t\t\t<div id=\"elementor-tab-content-3571\" class=\"elementor-tab-content elementor-clearfix\" data-tab=\"1\" role=\"region\" aria-labelledby=\"elementor-tab-title-3571\"><p class=\"p1\"><span class=\"s1\">Los Field Services de Now Software Development brindan asistencia t\u00e9cnica especializada para la atenci\u00f3n y soluci\u00f3n en sitio, de incidentes que afectan la infraestructura tecnol\u00f3gica puesta a disposici\u00f3n de los usuarios (PC, notebook, impresora, SW de productividad, sistema operativo, entre otros). Donde entregamos mantenimiento preventivo y reparaci\u00f3n de dispositivos centrales que presenten fallas, todo esto con el objetivo de asegurar, con base a indicadores establecidos, la continuidad de negocio y plataformas digitales.<\/span><\/p><p class=\"p1\"><span class=\"s1\">Las ventajas de Field service son:<\/span><\/p><p class=\"p1\"><span class=\"s1\">-Servicio entregado en el puesto del usuario o en las instalaciones del cliente.<\/span><\/p><p class=\"p1\"><span class=\"s1\">-Reparaci\u00f3n de equipos en laboratorio, con administraci\u00f3n de garant\u00edas vigentes.<\/span><\/p><p class=\"p1\"><span class=\"s1\">-Soporte correctivo para la continuidad operativa y niveles de servicio comprometidos.<\/span><\/p><p class=\"p1\"><span class=\"s1\">-Ejecuci\u00f3n de actividades de mantenimiento preventivo a parque de equipos cubiertos por servicio.<\/span><\/p><p class=\"p1\"><span class=\"s1\">-Sustituci\u00f3n temporal de equipos completos para asegurar cumplimiento de niveles de servicio.<\/span><\/p><p class=\"p1\"><span class=\"s1\">-Implementaci\u00f3n de pruebas de funcionales (de conformidad con el usuario) para aprobar la soluci\u00f3n.<\/span><\/p><p class=\"p1\"><span class=\"s1\">-Amplio stock de repuestos necesarios y aplicaci\u00f3n de medidas preventivas autorizadas por los respectivos fabricantes.<\/span><\/p><p class=\"p1\"><span class=\"s1\">-Capacitaci\u00f3n a usuarios atendidos en torno a origen del problema y recomendaciones para mitigaci\u00f3n de futuros fallos.<\/span><\/p><\/div>\n\t\t\t\t<\/div>\n\t\t\t\t\t\t\t<div class=\"elementor-toggle-item\">\n\t\t\t\t\t<div id=\"elementor-tab-title-3572\" class=\"elementor-tab-title\" data-tab=\"2\" role=\"button\" aria-controls=\"elementor-tab-content-3572\" aria-expanded=\"false\">\n\t\t\t\t\t\t\t\t\t\t\t\t<span class=\"elementor-toggle-icon elementor-toggle-icon-right\" aria-hidden=\"true\">\n\t\t\t\t\t\t\t\t\t\t\t\t\t\t\t<span class=\"elementor-toggle-icon-closed\"><i class=\"fas fa-chevron-down\"><\/i><\/span>\n\t\t\t\t\t\t\t\t<span class=\"elementor-toggle-icon-opened\"><i class=\"elementor-toggle-icon-opened fas fa-caret-up\"><\/i><\/span>\n\t\t\t\t\t\t\t\t\t\t\t\t\t<\/span>\n\t\t\t\t\t\t\t\t\t\t\t\t<a class=\"elementor-toggle-title\" tabindex=\"0\">Service Desk<\/a>\n\t\t\t\t\t<\/div>\n\n\t\t\t\t\t<div id=\"elementor-tab-content-3572\" class=\"elementor-tab-content elementor-clearfix\" data-tab=\"2\" role=\"region\" aria-labelledby=\"elementor-tab-title-3572\"><p class=\"p1\"><span class=\"s1\">El Service Desk de Now Software Development opera como punto centralizado de contacto (al que se puede acceder por distintos canales: telef\u00f3nicamente, e-mail, chat y acceso web), que resuelve de forma oportuna los requerimientos de los distintos tipos de usuarios de la empresa ante consulta, peticiones e incidentes de servicios de TI. Esto permite mejorar continuidad del negocio.<\/span><\/p><p class=\"p1\"><span class=\"s1\">Proporcionamos un beneficio a los usuarios finales con m\u00e9todos de buenas pr\u00e1cticas, tales como:<\/span><\/p><p class=\"p1\"><span class=\"s1\">-Funcionalidades Orientadas a Procesos:<\/span><\/p><p class=\"p1\"><span class=\"s1\">-Gesti\u00f3n de derivaci\u00f3n y escalamiento de tiquetes.<\/span><\/p><p class=\"p1\"><span class=\"s1\">-Gesti\u00f3n de seguimiento a los problemas y cierre de tiquetes.<\/span><\/p><p class=\"p1\"><span class=\"s1\">-Escalamiento de incidentes a soporte interno de Now Software Development<\/span><\/p><p class=\"p1\"><span class=\"s1\">-Atenci\u00f3n remota a trav\u00e9s de m\u00faltiples v\u00edas de interacci\u00f3n (control remoto, chat, tel\u00e9fono)<\/span><\/p><p class=\"p1\"><span class=\"s1\">-Gesti\u00f3n de incidentes y requerimientos de usuarios.<\/span><\/p><p class=\"p1\"><span class=\"s1\">Funcionalidades Orientadas a Negocios:<\/span><\/p><p class=\"p1\"><span class=\"s1\">-Gesti\u00f3n de soporte en funci\u00f3n de niveles de servicios.<\/span><\/p><p class=\"p1\"><span class=\"s1\">-Reportes que permiten analizar el comportamiento de los servicios de TI<\/span><\/p><p class=\"p1\"><span class=\"s1\">-Clasificaci\u00f3n de incidentes TI que permiten visualizar los focos de mejora.<\/span><\/p><p class=\"p1\"><span class=\"s1\">-Preparaci\u00f3n de encuestas de calidad e informes de gesti\u00f3n.<\/span><\/p><\/div>\n\t\t\t\t<\/div>\n\t\t\t\t\t\t\t\t<\/div>\n\t\t\t\t\t\t<\/div>\n\t\t\t\t<\/div>\n\t\t\t\t\t<\/div>\n\t\t<\/div>\n\t\t\t\t\t<\/div>\n\t\t<\/section>\n\t\t\t\t<\/div>","protected":false},"excerpt":{"rendered":"<p>We Help You Our support services include, from on-site support to intelligent Service Desk, using the best practices to improve the efficiency of processes, thus optimizing the productivity of companies and supporting the control over their infrastructure, added value for your business. Some of us solutions Field Services Now Software Development&#8217;s Field Services provide specialized [&hellip;]<\/p>\n","protected":false},"author":112,"featured_media":0,"parent":1827,"menu_order":0,"comment_status":"closed","ping_status":"closed","template":"","meta":{"footnotes":""},"class_list":["post-1889","page","type-page","status-publish","hentry"],"_links":{"self":[{"href":"https:\/\/www.now-softwarecorp.com\/es\/wp-json\/wp\/v2\/pages\/1889","targetHints":{"allow":["GET"]}}],"collection":[{"href":"https:\/\/www.now-softwarecorp.com\/es\/wp-json\/wp\/v2\/pages"}],"about":[{"href":"https:\/\/www.now-softwarecorp.com\/es\/wp-json\/wp\/v2\/types\/page"}],"author":[{"embeddable":true,"href":"https:\/\/www.now-softwarecorp.com\/es\/wp-json\/wp\/v2\/users\/112"}],"replies":[{"embeddable":true,"href":"https:\/\/www.now-softwarecorp.com\/es\/wp-json\/wp\/v2\/comments?post=1889"}],"version-history":[{"count":9,"href":"https:\/\/www.now-softwarecorp.com\/es\/wp-json\/wp\/v2\/pages\/1889\/revisions"}],"predecessor-version":[{"id":1917,"href":"https:\/\/www.now-softwarecorp.com\/es\/wp-json\/wp\/v2\/pages\/1889\/revisions\/1917"}],"up":[{"embeddable":true,"href":"https:\/\/www.now-softwarecorp.com\/es\/wp-json\/wp\/v2\/pages\/1827"}],"wp:attachment":[{"href":"https:\/\/www.now-softwarecorp.com\/es\/wp-json\/wp\/v2\/media?parent=1889"}],"curies":[{"name":"wp","href":"https:\/\/api.w.org\/{rel}","templated":true}]}}