{"id":1827,"date":"2021-09-26T11:35:23","date_gmt":"2021-09-26T17:35:23","guid":{"rendered":"https:\/\/www.now-softwarecorp.com\/?page_id=1827"},"modified":"2021-09-27T10:00:40","modified_gmt":"2021-09-27T16:00:40","slug":"services","status":"publish","type":"page","link":"https:\/\/www.now-softwarecorp.com\/es\/services\/","title":{"rendered":"Servicios"},"content":{"rendered":"<div data-elementor-type=\"wp-page\" data-elementor-id=\"1827\" class=\"elementor elementor-1827\" data-elementor-post-type=\"page\">\n\t\t\t\t\t\t<section class=\"elementor-section elementor-top-section elementor-element elementor-element-1d334fff elementor-section-boxed elementor-section-height-default elementor-section-height-default\" data-id=\"1d334fff\" data-element_type=\"section\" data-e-type=\"section\" data-settings=\"{&quot;background_background&quot;:&quot;classic&quot;}\">\n\t\t\t\t\t\t\t<div class=\"elementor-background-overlay\"><\/div>\n\t\t\t\t\t\t\t<div class=\"elementor-container elementor-column-gap-no\">\n\t\t\t\t\t<div class=\"elementor-column elementor-col-100 elementor-top-column elementor-element elementor-element-458f1eb0\" data-id=\"458f1eb0\" data-element_type=\"column\" data-e-type=\"column\">\n\t\t\t<div class=\"elementor-widget-wrap elementor-element-populated\">\n\t\t\t\t\t\t<div class=\"elementor-element elementor-element-4eba756d elementor-invisible elementor-widget elementor-widget-heading\" data-id=\"4eba756d\" data-element_type=\"widget\" data-e-type=\"widget\" data-settings=\"{&quot;_animation&quot;:&quot;fadeInUp&quot;,&quot;_animation_delay&quot;:100}\" data-widget_type=\"heading.default\">\n\t\t\t\t<div class=\"elementor-widget-container\">\n\t\t\t\t\t<h1 class=\"elementor-heading-title elementor-size-default\">Servicios<\/h1>\t\t\t\t<\/div>\n\t\t\t\t<\/div>\n\t\t\t\t<div class=\"elementor-element elementor-element-3ff7ff78 elementor-invisible elementor-widget elementor-widget-text-editor\" data-id=\"3ff7ff78\" data-element_type=\"widget\" data-e-type=\"widget\" data-settings=\"{&quot;_animation&quot;:&quot;fadeInUp&quot;,&quot;_animation_delay&quot;:400}\" data-widget_type=\"text-editor.default\">\n\t\t\t\t<div class=\"elementor-widget-container\">\n\t\t\t\t\t\t\t\t\t<p class=\"p1\"><span class=\"s1\">Somos l\u00edderes en lo que hacemos. Nos distinguen nuestros innovadores servicios con la m\u00e1s alta calidad en nuestro campo.<\/span><\/p>\t\t\t\t\t\t\t\t<\/div>\n\t\t\t\t<\/div>\n\t\t\t\t\t<\/div>\n\t\t<\/div>\n\t\t\t\t\t<\/div>\n\t\t<\/section>\n\t\t\t\t<section class=\"elementor-section elementor-top-section elementor-element elementor-element-2b188397 elementor-section-boxed elementor-section-height-default elementor-section-height-default\" data-id=\"2b188397\" data-element_type=\"section\" data-e-type=\"section\" data-settings=\"{&quot;background_background&quot;:&quot;classic&quot;}\">\n\t\t\t\t\t\t<div class=\"elementor-container elementor-column-gap-no\">\n\t\t\t\t\t<div class=\"elementor-column elementor-col-100 elementor-top-column elementor-element elementor-element-742e94b1\" data-id=\"742e94b1\" data-element_type=\"column\" data-e-type=\"column\">\n\t\t\t<div class=\"elementor-widget-wrap elementor-element-populated\">\n\t\t\t\t\t\t<div class=\"elementor-element elementor-element-7eb0ba26 elementor-absolute elementor-widget__width-auto elementor-widget elementor-widget-image\" data-id=\"7eb0ba26\" data-element_type=\"widget\" data-e-type=\"widget\" data-settings=\"{&quot;_position&quot;:&quot;absolute&quot;}\" data-widget_type=\"image.default\">\n\t\t\t\t<div class=\"elementor-widget-container\">\n\t\t\t\t\t\t\t\t\t\t\t\t\t\t\t<img fetchpriority=\"high\" decoding=\"async\" width=\"492\" height=\"492\" src=\"https:\/\/www.now-softwarecorp.com\/wp-content\/uploads\/2021\/09\/oval-s50.png\" class=\"attachment-full size-full wp-image-1681\" alt=\"\" srcset=\"https:\/\/www.now-softwarecorp.com\/wp-content\/uploads\/2021\/09\/oval-s50.png 492w, https:\/\/www.now-softwarecorp.com\/wp-content\/uploads\/2021\/09\/oval-s50-300x300.png 300w, https:\/\/www.now-softwarecorp.com\/wp-content\/uploads\/2021\/09\/oval-s50-150x150.png 150w, https:\/\/www.now-softwarecorp.com\/wp-content\/uploads\/2021\/09\/oval-s50-12x12.png 12w, https:\/\/www.now-softwarecorp.com\/wp-content\/uploads\/2021\/09\/oval-s50-100x100.png 100w\" sizes=\"(max-width: 492px) 100vw, 492px\" \/>\t\t\t\t\t\t\t\t\t\t\t\t\t\t\t<\/div>\n\t\t\t\t<\/div>\n\t\t\t\t<div class=\"elementor-element elementor-element-4d0d04e elementor-absolute elementor-widget__width-auto elementor-widget elementor-widget-image\" data-id=\"4d0d04e\" data-element_type=\"widget\" data-e-type=\"widget\" data-settings=\"{&quot;_position&quot;:&quot;absolute&quot;}\" data-widget_type=\"image.default\">\n\t\t\t\t<div class=\"elementor-widget-container\">\n\t\t\t\t\t\t\t\t\t\t\t\t\t\t\t<img fetchpriority=\"high\" decoding=\"async\" width=\"492\" height=\"492\" src=\"https:\/\/www.now-softwarecorp.com\/wp-content\/uploads\/2021\/09\/oval-s50.png\" class=\"attachment-full size-full wp-image-1681\" alt=\"\" srcset=\"https:\/\/www.now-softwarecorp.com\/wp-content\/uploads\/2021\/09\/oval-s50.png 492w, https:\/\/www.now-softwarecorp.com\/wp-content\/uploads\/2021\/09\/oval-s50-300x300.png 300w, https:\/\/www.now-softwarecorp.com\/wp-content\/uploads\/2021\/09\/oval-s50-150x150.png 150w, https:\/\/www.now-softwarecorp.com\/wp-content\/uploads\/2021\/09\/oval-s50-12x12.png 12w, https:\/\/www.now-softwarecorp.com\/wp-content\/uploads\/2021\/09\/oval-s50-100x100.png 100w\" sizes=\"(max-width: 492px) 100vw, 492px\" \/>\t\t\t\t\t\t\t\t\t\t\t\t\t\t\t<\/div>\n\t\t\t\t<\/div>\n\t\t\t\t<div class=\"elementor-element elementor-element-ef167be elementor-widget elementor-widget-heading\" data-id=\"ef167be\" data-element_type=\"widget\" data-e-type=\"widget\" data-widget_type=\"heading.default\">\n\t\t\t\t<div class=\"elementor-widget-container\">\n\t\t\t\t\t<h2 class=\"elementor-heading-title elementor-size-default\">Soluciones de T.I. a su alcance\n<\/h2>\t\t\t\t<\/div>\n\t\t\t\t<\/div>\n\t\t\t\t<section class=\"elementor-section elementor-inner-section elementor-element elementor-element-2a3eaed2 elementor-section-boxed elementor-section-height-default elementor-section-height-default\" data-id=\"2a3eaed2\" data-element_type=\"section\" data-e-type=\"section\">\n\t\t\t\t\t\t<div class=\"elementor-container elementor-column-gap-default\">\n\t\t\t\t\t<div class=\"elementor-column elementor-col-33 elementor-inner-column elementor-element elementor-element-466f9cdd\" data-id=\"466f9cdd\" data-element_type=\"column\" data-e-type=\"column\">\n\t\t\t<div class=\"elementor-widget-wrap elementor-element-populated\">\n\t\t\t\t\t\t<div class=\"elementor-element elementor-element-15143dcc ekit-equal-height-enable elementor-widget elementor-widget-elementskit-icon-box\" data-id=\"15143dcc\" data-element_type=\"widget\" data-e-type=\"widget\" data-widget_type=\"elementskit-icon-box.default\">\n\t\t\t\t<div class=\"elementor-widget-container\">\n\t\t\t\t\t<div class=\"ekit-wid-con\" >        <!-- link opening -->\n                <!-- end link opening -->\n\n        <div class=\"elementskit-infobox text-center text- icon-top-align elementor-animation-float\">\n                    <div class=\"elementskit-box-header elementor-animation-\">\n                <div class=\"elementskit-info-box-icon\">\n                    <i aria-hidden=\"true\" class=\"elementkit-infobox-icon icon icon-cloud-computing\"><\/i>\n                <\/div>\n          <\/div>\n                        <div class=\"box-body\">\n                            <h3 class=\"elementskit-info-box-title\">\n                    Cloud Computing                <\/h3>\n                        \t\t  \t<p>Los servicios de cloud computing de Now Software Development permiten que nuestros clientes accedan a ambientes de c\u00f3mputo redundantes, seguros y flexibles.<\/p>\n                                        <div class=\"box-footer disable_hover_button\">\n                    <div class=\"btn-wraper\">\n                                                            <a class=\"elementskit-btn whitespace--normal\" href=\"https:\/\/www.now-softwarecorp.com\/es\/services\/cloud-computing\/\">\n                                                                                Leer m\u00e1s                                     <\/a>\n                                                        <\/div>\n                <\/div>\n                    <\/div>\n        \n        \n                <\/div>\n        <\/div>\t\t\t\t<\/div>\n\t\t\t\t<\/div>\n\t\t\t\t\t<\/div>\n\t\t<\/div>\n\t\t\t\t<div class=\"elementor-column elementor-col-33 elementor-inner-column elementor-element elementor-element-2dc3448f\" data-id=\"2dc3448f\" data-element_type=\"column\" data-e-type=\"column\">\n\t\t\t<div class=\"elementor-widget-wrap elementor-element-populated\">\n\t\t\t\t\t\t<div class=\"elementor-element elementor-element-5dc00274 ekit-equal-height-enable elementor-widget elementor-widget-elementskit-icon-box\" data-id=\"5dc00274\" data-element_type=\"widget\" data-e-type=\"widget\" data-widget_type=\"elementskit-icon-box.default\">\n\t\t\t\t<div class=\"elementor-widget-container\">\n\t\t\t\t\t<div class=\"ekit-wid-con\" >        <!-- link opening -->\n                <!-- end link opening -->\n\n        <div class=\"elementskit-infobox text-center text- icon-top-align elementor-animation-float\">\n                    <div class=\"elementskit-box-header elementor-animation-\">\n                <div class=\"elementskit-info-box-icon\">\n                    <i aria-hidden=\"true\" class=\"elementkit-infobox-icon icon icon-server-6\"><\/i>\n                <\/div>\n          <\/div>\n                        <div class=\"box-body\">\n                            <h3 class=\"elementskit-info-box-title\">\n                    Ciberseguridad                <\/h3>\n                        \t\t  \t<p>Incorporamos a nuestro modelo de negocio, el marco de ciberseguridad publicado por el NIST.<\/p>\n                                        <div class=\"box-footer disable_hover_button\">\n                    <div class=\"btn-wraper\">\n                                                            <a class=\"elementskit-btn whitespace--normal\" href=\"https:\/\/www.now-softwarecorp.com\/es\/services\/cybersecurity\/\">\n                                                                                Leer m\u00e1s                                     <\/a>\n                                                        <\/div>\n                <\/div>\n                    <\/div>\n        \n        \n                <\/div>\n        <\/div>\t\t\t\t<\/div>\n\t\t\t\t<\/div>\n\t\t\t\t\t<\/div>\n\t\t<\/div>\n\t\t\t\t<div class=\"elementor-column elementor-col-33 elementor-inner-column elementor-element elementor-element-3f20ee31\" data-id=\"3f20ee31\" data-element_type=\"column\" data-e-type=\"column\">\n\t\t\t<div class=\"elementor-widget-wrap elementor-element-populated\">\n\t\t\t\t\t\t<div class=\"elementor-element elementor-element-3d4a501 ekit-equal-height-enable elementor-widget elementor-widget-elementskit-icon-box\" data-id=\"3d4a501\" data-element_type=\"widget\" data-e-type=\"widget\" data-widget_type=\"elementskit-icon-box.default\">\n\t\t\t\t<div class=\"elementor-widget-container\">\n\t\t\t\t\t<div class=\"ekit-wid-con\" >        <!-- link opening -->\n                <!-- end link opening -->\n\n        <div class=\"elementskit-infobox text-center text- icon-top-align elementor-animation-float\">\n                    <div class=\"elementskit-box-header elementor-animation-\">\n                <div class=\"elementskit-info-box-icon\">\n                    <i aria-hidden=\"true\" class=\"elementkit-infobox-icon icon icon-computer\"><\/i>\n                <\/div>\n          <\/div>\n                        <div class=\"box-body\">\n                            <h3 class=\"elementskit-info-box-title\">\n                    Servicios de usuario final                <\/h3>\n                        \t\t  \t<p>Nuestros servicios de soporte incluyen, desde el soporte en sitio hasta el Service Desk inteligente, utilizando las mejores pr\u00e1cticas para mejorar la eficiencia de tus procesos.<\/p>\n                                        <div class=\"box-footer disable_hover_button\">\n                    <div class=\"btn-wraper\">\n                                                            <a class=\"elementskit-btn whitespace--normal\" href=\"https:\/\/www.now-softwarecorp.com\/es\/services\/end-user-services\/\">\n                                                                                Leer m\u00e1s                                     <\/a>\n                                                        <\/div>\n                <\/div>\n                    <\/div>\n        \n        \n                <\/div>\n        <\/div>\t\t\t\t<\/div>\n\t\t\t\t<\/div>\n\t\t\t\t\t<\/div>\n\t\t<\/div>\n\t\t\t\t\t<\/div>\n\t\t<\/section>\n\t\t\t\t<section class=\"elementor-section elementor-inner-section elementor-element elementor-element-2afdeabc elementor-section-boxed elementor-section-height-default elementor-section-height-default\" data-id=\"2afdeabc\" data-element_type=\"section\" data-e-type=\"section\">\n\t\t\t\t\t\t<div class=\"elementor-container elementor-column-gap-default\">\n\t\t\t\t\t<div class=\"elementor-column elementor-col-33 elementor-inner-column elementor-element elementor-element-485a15b3\" data-id=\"485a15b3\" data-element_type=\"column\" data-e-type=\"column\">\n\t\t\t<div class=\"elementor-widget-wrap elementor-element-populated\">\n\t\t\t\t\t\t<div class=\"elementor-element elementor-element-a63ef7 ekit-equal-height-enable elementor-widget elementor-widget-elementskit-icon-box\" data-id=\"a63ef7\" data-element_type=\"widget\" data-e-type=\"widget\" data-widget_type=\"elementskit-icon-box.default\">\n\t\t\t\t<div class=\"elementor-widget-container\">\n\t\t\t\t\t<div class=\"ekit-wid-con\" >        <!-- link opening -->\n                <!-- end link opening -->\n\n        <div class=\"elementskit-infobox text-center text- icon-top-align elementor-animation-float\">\n                    <div class=\"elementskit-box-header elementor-animation-\">\n                <div class=\"elementskit-info-box-icon\">\n                    <i aria-hidden=\"true\" class=\"elementkit-infobox-icon icon icon-page_search\"><\/i>\n                <\/div>\n          <\/div>\n                        <div class=\"box-body\">\n                            <h3 class=\"elementskit-info-box-title\">\n                    Anal\u00edtica                <\/h3>\n                        \t\t  \t<p>Las soluciones de Big Data y Analytics de Now Software Development permiten analizar, mostrar y analizar grandes vol\u00famenes de datos heterog\u00e9neos provenientes de m\u00faltiples fuentes.<\/p>\n                                        <div class=\"box-footer disable_hover_button\">\n                    <div class=\"btn-wraper\">\n                                                            <a class=\"elementskit-btn whitespace--normal\" href=\"https:\/\/www.now-softwarecorp.com\/es\/services\/analytics\/\">\n                                        Leer m\u00e1s                                     <\/a>\n                                                        <\/div>\n                <\/div>\n                    <\/div>\n        \n        <div class=\"icon-hover\">\n                    <\/div>\n\n        \n        \n                <\/div>\n        <\/div>\t\t\t\t<\/div>\n\t\t\t\t<\/div>\n\t\t\t\t\t<\/div>\n\t\t<\/div>\n\t\t\t\t<div class=\"elementor-column elementor-col-33 elementor-inner-column elementor-element elementor-element-710e1fd6\" data-id=\"710e1fd6\" data-element_type=\"column\" data-e-type=\"column\">\n\t\t\t<div class=\"elementor-widget-wrap elementor-element-populated\">\n\t\t\t\t\t\t<div class=\"elementor-element elementor-element-3bc96d85 ekit-equal-height-enable elementor-widget elementor-widget-elementskit-icon-box\" data-id=\"3bc96d85\" data-element_type=\"widget\" data-e-type=\"widget\" data-widget_type=\"elementskit-icon-box.default\">\n\t\t\t\t<div class=\"elementor-widget-container\">\n\t\t\t\t\t<div class=\"ekit-wid-con\" >        <!-- link opening -->\n                <!-- end link opening -->\n\n        <div class=\"elementskit-infobox text-center text- icon-top-align elementor-animation-float\">\n                    <div class=\"elementskit-box-header elementor-animation-\">\n                <div class=\"elementskit-info-box-icon\">\n                    <i aria-hidden=\"true\" class=\"elementkit-infobox-icon icon icon-consult\"><\/i>\n                <\/div>\n          <\/div>\n                        <div class=\"box-body\">\n                            <h3 class=\"elementskit-info-box-title\">\n                    Consultor\u00edas                <\/h3>\n                        \t\t  \t<p>Las soluciones de Big Data y Analytics de Now Software Development permiten analizar, mostrar y analizar grandes vol\u00famenes de datos heterog\u00e9neos provenientes de m\u00faltiples fuentes.\n<\/p>\n                                        <div class=\"box-footer disable_hover_button\">\n                    <div class=\"btn-wraper\">\n                                                            <a class=\"elementskit-btn whitespace--normal\" href=\"https:\/\/www.now-softwarecorp.com\/es\/services\/consulting\/\">\n                                                                                Leer m\u00e1s                                     <\/a>\n                                                        <\/div>\n                <\/div>\n                    <\/div>\n        \n        \n                <\/div>\n        <\/div>\t\t\t\t<\/div>\n\t\t\t\t<\/div>\n\t\t\t\t\t<\/div>\n\t\t<\/div>\n\t\t\t\t<div class=\"elementor-column elementor-col-33 elementor-inner-column elementor-element elementor-element-2f704e60\" data-id=\"2f704e60\" data-element_type=\"column\" data-e-type=\"column\">\n\t\t\t<div class=\"elementor-widget-wrap elementor-element-populated\">\n\t\t\t\t\t\t<div class=\"elementor-element elementor-element-b025d1f elementor-widget elementor-widget-image\" data-id=\"b025d1f\" data-element_type=\"widget\" data-e-type=\"widget\" data-widget_type=\"image.default\">\n\t\t\t\t<div class=\"elementor-widget-container\">\n\t\t\t\t\t\t\t\t\t\t\t\t\t\t\t<img decoding=\"async\" width=\"800\" height=\"698\" src=\"https:\/\/www.now-softwarecorp.com\/wp-content\/uploads\/2021\/09\/nowfavicon-1024x894.png\" class=\"attachment-large size-large wp-image-1723\" alt=\"\" srcset=\"https:\/\/www.now-softwarecorp.com\/wp-content\/uploads\/2021\/09\/nowfavicon-1024x894.png 1024w, https:\/\/www.now-softwarecorp.com\/wp-content\/uploads\/2021\/09\/nowfavicon-300x262.png 300w, https:\/\/www.now-softwarecorp.com\/wp-content\/uploads\/2021\/09\/nowfavicon-768x670.png 768w, https:\/\/www.now-softwarecorp.com\/wp-content\/uploads\/2021\/09\/nowfavicon-1536x1341.png 1536w, https:\/\/www.now-softwarecorp.com\/wp-content\/uploads\/2021\/09\/nowfavicon-14x12.png 14w, https:\/\/www.now-softwarecorp.com\/wp-content\/uploads\/2021\/09\/nowfavicon-600x524.png 600w, https:\/\/www.now-softwarecorp.com\/wp-content\/uploads\/2021\/09\/nowfavicon.png 1572w\" sizes=\"(max-width: 800px) 100vw, 800px\" \/>\t\t\t\t\t\t\t\t\t\t\t\t\t\t\t<\/div>\n\t\t\t\t<\/div>\n\t\t\t\t\t<\/div>\n\t\t<\/div>\n\t\t\t\t\t<\/div>\n\t\t<\/section>\n\t\t\t\t\t<\/div>\n\t\t<\/div>\n\t\t\t\t\t<\/div>\n\t\t<\/section>\n\t\t\t\t<\/div>","protected":false},"excerpt":{"rendered":"<p>Services We are leaders in what we do. We are distinguished by our innovative services with the highest quality in our field. I.T. solutions at your fingertips Cloud Computing Now Software Development&#8217;s cloud computing services enable our customers to access redundant, secure and flexible computing environments. Learn more Cybersecurity We incorporate the cybersecurity framework published [&hellip;]<\/p>\n","protected":false},"author":112,"featured_media":0,"parent":0,"menu_order":0,"comment_status":"closed","ping_status":"closed","template":"","meta":{"footnotes":""},"class_list":["post-1827","page","type-page","status-publish","hentry"],"_links":{"self":[{"href":"https:\/\/www.now-softwarecorp.com\/es\/wp-json\/wp\/v2\/pages\/1827","targetHints":{"allow":["GET"]}}],"collection":[{"href":"https:\/\/www.now-softwarecorp.com\/es\/wp-json\/wp\/v2\/pages"}],"about":[{"href":"https:\/\/www.now-softwarecorp.com\/es\/wp-json\/wp\/v2\/types\/page"}],"author":[{"embeddable":true,"href":"https:\/\/www.now-softwarecorp.com\/es\/wp-json\/wp\/v2\/users\/112"}],"replies":[{"embeddable":true,"href":"https:\/\/www.now-softwarecorp.com\/es\/wp-json\/wp\/v2\/comments?post=1827"}],"version-history":[{"count":15,"href":"https:\/\/www.now-softwarecorp.com\/es\/wp-json\/wp\/v2\/pages\/1827\/revisions"}],"predecessor-version":[{"id":2132,"href":"https:\/\/www.now-softwarecorp.com\/es\/wp-json\/wp\/v2\/pages\/1827\/revisions\/2132"}],"wp:attachment":[{"href":"https:\/\/www.now-softwarecorp.com\/es\/wp-json\/wp\/v2\/media?parent=1827"}],"curies":[{"name":"wp","href":"https:\/\/api.w.org\/{rel}","templated":true}]}}